{"id":4552,"date":"2020-12-11T07:55:28","date_gmt":"2020-12-11T07:55:28","guid":{"rendered":"https:\/\/jhstaal.com\/produkte\/edelstahl-puffertank\/"},"modified":"2021-03-01T18:54:37","modified_gmt":"2021-03-01T18:54:37","slug":"edelstahl-puffertank","status":"publish","type":"page","link":"https:\/\/jhstaal.dk\/de\/produkte\/edelstahl-puffertank\/","title":{"rendered":"Edelstahl-Puffertank"},"content":{"rendered":"<div class=\"wpb-content-wrapper\"><p>[vc_row][vc_column][vc_single_image image=&#8220;4555&#8243; img_size=&#8220;full&#8220; alignment=&#8220;center&#8220;][vc_row_inner][\/vc_row_inner][vc_column_inner][\/vc_column_inner][vc_column_text][vc_row][vc_column width=&#8220;1\/1&#8243;][vc_column_text]<\/p>\n<p>Ein Puffertank ist ein Tank, der Teil einer Prozesslinie ist, in der der Inhalt in einer geplanten \u201dPause\u201d im Prozess gespeichert wird. JH St\u00e5lindustri produziert und liefert Edelstahl-Puffertank in hoher Qualit\u00e4t gem\u00e4\u00df den Anforderungen unserer Kunden. Wir haben umfassendes Fachwissen und verstehen daher, dass die Qualit\u00e4t des Tank in der Prozesslinie f\u00fcr die Qualit\u00e4t des Endprodukts von entscheidender Bedeutung ist. Das ist Ihre Garantie.<\/p>\n<div class=\"gap\" style=\"line-height: 20px; height: 20px;\"><\/div>\n<h2>Der Puffertank muss in die Prozesslinie passen<\/h2>\n<div class=\"gap\" style=\"line-height: 20px; height: 20px;\"><\/div>\n<p>Ein Puffertank ist ein tempor\u00e4rer Lagertank, aber nicht nur ein einfacher Beh\u00e4lter. Es ist wichtig, dass:<\/p>\n<ul>\n<li>Die richtige Art von Tank als Puffertank ausgew\u00e4hlt wird<\/li>\n<li>Der Puffertank zur Industrie passt<\/li>\n<\/ul>\n<div class=\"gap\" style=\"line-height: 20px; height: 20px;\"><\/div>\n<h3>Verschiedene Arten von Tank k\u00f6nnen Puffertank sein<\/h3>\n<div class=\"gap\" style=\"line-height: 20px; height: 20px;\"><\/div>\n<p>Es spielt keine Rolle, welche Art von Tank Sie als Puffertank verwenden. Die Art des Tank h\u00e4ngt unter anderem vom Inhalt des Tank sowie von der spezifischen Prozesslinie ab, zu der der Puffertank geh\u00f6rt.<\/p>\n<div class=\"gap\" style=\"line-height: 20px; height: 20px;\"><\/div>\n<ul>\n<li>Prozesstank: Prozesstank sind drucklose Tank<\/li>\n<li>Drucktank: Drucktank sind Tank, in denen der Inhalt unter Druck gelagert wird, der mehr als 0,5 bar betr\u00e4gt<\/li>\n<li>Silotank: Silotank haben ihren Namen von ihrer runden Form und werden am h\u00e4ufigsten im Freien verwendet<\/li>\n<li>Mobiltank: Mobile Tank sind kleinere Tank, die innerhalb der Produktion transportiert werden k\u00f6nnen<\/li>\n<\/ul>\n<div class=\"gap\" style=\"line-height: 20px; height: 20px;\"><\/div>\n<p>Alle diese verschiedenen Arten von Edelstahltank k\u00f6nnen als Puffertank verwendet und gem\u00e4\u00df den Anforderungen des Kunden hergestellt werden, sodass die Spezifikationen des Tank wie Isolierung, Bel\u00fcftung, H\u00e4hne und andere Spezifikationen genau zur Prozesslinie passen.<\/p>\n<div class=\"gap\" style=\"line-height: 20px; height: 20px;\"><\/div>\n<h3>Puffertank werden in vielen Industriebranchen eingesetzt<\/h3>\n<div class=\"gap\" style=\"line-height: 20px; height: 20px;\"><\/div>\n<p>Bei JH St\u00e5lindustri stellen wir Edelstahltank f\u00fcr viele verschiedene Branchen her. Daher wissen wir auch, dass Puffertank h\u00e4ufig bei ihnen zum Einsatz kommen. Das gilt unter anderem f\u00fcr jene Industrien:<\/p>\n<div class=\"gap\" style=\"line-height: 20px; height: 20px;\"><\/div>\n<ul>\n<li>Wasserwerke<\/li>\n<li>Milchindustrie<\/li>\n<li>Lebensmittelindustrie<\/li>\n<li>Pharmazeutische und chemische Industrie<\/li>\n<\/ul>\n<div class=\"gap\" style=\"line-height: 20px; height: 20px;\"><\/div>\n<h2>JH St\u00e5lindustri ist sehr professionell<\/h2>\n<div class=\"gap\" style=\"line-height: 20px; height: 20px;\"><\/div>\n<p>Bei JH St\u00e5lindustri fertigen wir Edelstahltank nach den Anforderungen unserer Kunden. Wir setzen uns daf\u00fcr ein, dass alle Standards eingehalten werden und unsere Kunden \u00fcber einen hochwertigen Tank verf\u00fcgen. Daher k\u00f6nnen unsere Kunden erwarten:<\/p>\n<p>Ein gr\u00fcndlicher und intensiver Dialog, damit wir die Bed\u00fcrfnisse und Anforderungen des Kunden f\u00fcr die Idee zu 100% verstehen<br \/>\nVolle R\u00fcckverfolgbarkeit aller Materialien<br \/>\nEine gro\u00dfe Anstrengung, um dem Kunden alle technischen Details rund um den Puffertank verst\u00e4ndlich zu machen. Unter anderem verwenden wir 3D-Zeichnungen, um dieses Verst\u00e4ndnis zu schaffen<br \/>\nDokumentation des Herstellungsprozesses. Einschlie\u00dflich Material- und Schwei\u00dfzertifikate, Oberfl\u00e4chen, Pr\u00fcfungen und vieles mehr<\/p>\n<div class=\"gap\" style=\"line-height: 20px; height: 20px;\"><\/div>\n<h3>Unsere Schmiede sind zertifiziert<\/h3>\n<h3><div class=\"gap\" style=\"line-height: 20px; height: 20px;\"><\/div><\/h3>\n<h3>Die Herstellung hochwertiger Edelstahltank ist ein Handwerk. Daher sind unsere Schmiede nat\u00fcrlich nach den PED-Anforderungen zertifiziert, bei denen es sich um Zertifizierungen handelt, mit denen gearbeitet werden kann:<\/h3>\n<p>Materialien<br \/>\nSchwei\u00dfmethoden<br \/>\nWandst\u00e4rken<\/p>\n<div class=\"gap\" style=\"line-height: 20px; height: 20px;\"><\/div>\n<p>Die Zertifizierungen sind 3 Jahre g\u00fcltig und daher k\u00f6nnen wir garantieren, dass unsere Schmiede immer auf dem neuesten Stand der Arbeitsweise sind. Es ist Ihre Garantie f\u00fcr eine gute Arbeit.<\/p>\n<div class=\"gap\" style=\"line-height: 20px; height: 20px;\"><\/div>\n<p>Wenden Sie sich noch heute an JH St\u00e5lindustri, wenn Sie mehr \u00fcber Puffertank oder unsere Verfahren telefonisch unter +45 86 47 90 44 oder per E-Mail an jhstaal@jhstaal.com erfahren m\u00f6chten.<\/p>\n<p>[\/vc_column_text][\/vc_column][\/vc_row][vc_row][vc_column]<style type=\"text\/css\" data-type=\"the7_shortcodes-inline-css\">#default-btn-d8c5237c5fe76120b0f5003cd8542aa5 {\n  border-radius: 5px;\n  font-size: 18px;\n  line-height: 20px;\n}\n.btn-shadow#default-btn-d8c5237c5fe76120b0f5003cd8542aa5 {\n  box-shadow: 0 1px 6px rgba(0,0,0,0.12);\n  transition: box-shadow 0.2s ease-out, opacity 0.45s;\n}\n.btn-shadow#default-btn-d8c5237c5fe76120b0f5003cd8542aa5:hover {\n  box-shadow: 0 5px 11px 0 rgba(0,0,0,0.18), 0 4px 15px 0 rgba(0,0,0,0.15);\n}\n.btn-flat#default-btn-d8c5237c5fe76120b0f5003cd8542aa5 {\n  box-shadow: none;\n}\n.btn-flat#default-btn-d8c5237c5fe76120b0f5003cd8542aa5:hover {\n  box-shadow: none;\n}\n#default-btn-d8c5237c5fe76120b0f5003cd8542aa5.ico-right-side > i {\n  margin-right: 0px;\n  margin-left: 8px;\n}\n#default-btn-d8c5237c5fe76120b0f5003cd8542aa5 > i {\n  margin-right: 8px;\n  font-size: 25px;\n}\n#default-btn-d8c5237c5fe76120b0f5003cd8542aa5:not(:hover) {\n  border-width: 0px;\n  padding: 17px 24px 16px 24px;\n}\n#default-btn-d8c5237c5fe76120b0f5003cd8542aa5:hover {\n  border-width: 0px;\n  padding: 17px 24px 16px 24px;\n}\n#default-btn-d8c5237c5fe76120b0f5003cd8542aa5.ico-right-side > i {\n  margin-right: 0px;\n  margin-left: 8px;\n}\n#default-btn-d8c5237c5fe76120b0f5003cd8542aa5 > i {\n  margin-right: 8px;\n}\n<\/style><div class=\"btn-align-center\"><a href=\"https:\/\/jhstaal.com\/en\/datasheets\/\" class=\"default-btn-shortcode dt-btn link-hover-off btn-flat  vc_custom_1614268365676\" id=\"default-btn-d8c5237c5fe76120b0f5003cd8542aa5\" title=\"Datasheets\"><span>See our datasheets here<\/span><\/a><\/div>[vc_separator border_width=&#8220;3&#8243;]<div class=\"ult-spacer spacer-69e49b45be13b\" data-id=\"69e49b45be13b\" data-height=\"30\" data-height-mobile=\"30\" data-height-tab=\"30\" data-height-tab-portrait=\"30\" data-height-mobile-landscape=\"30\" style=\"clear:both;display:block;\"><\/div>[\/vc_column][\/vc_row][vc_row][vc_column]<div class=\"wf-container dt-gallery-container dt-photos-shortcode loading-effect-fade-in iso-grid jg-container description-on-hover hover-style-two hover-fade content-align-centre\" data-padding=\"20px\" data-cur-page=\"1\" data-target-height=\"240px\"><div class=\"wf-cell\" data-post-id=\"6801\" data-date=\"2021-02-02T08:18:21+00:00\" data-name=\"JHStaal Buffer tanks\">\n<article class=\"post post-6801 attachment type-attachment status-inherit hentry no-img description-off\">\n\n\t<figure class=\"rollover-project links-hovers-disabled\">\n\t<a href=\"\/wp-content\/uploads\/2021\/02\/JHStaal-Buffer-tanks-scaled.jpg\" class=\"rollover rollover-zoom dt-pswp-item layzr-bg\" title=\"JHStaal Buffer tanks\" data-dt-img-description=\"\"  data-large_image_width=\"2560\" data-large_image_height = \"1440\" ><img fetchpriority=\"high\" decoding=\"async\" class=\"preload-me jgrid-lazy-load aspect\" src=\"data:image\/svg+xml,%3Csvg%20xmlns%3D&#39;http%3A%2F%2Fwww.w3.org%2F2000%2Fsvg&#39;%20viewBox%3D&#39;0%200%20554%20312&#39;%2F%3E\" data-src=\"\/wp-content\/uploads\/2021\/02\/JHStaal-Buffer-tanks-scaled-554x312.jpg\" data-srcset=\"\/wp-content\/uploads\/2021\/02\/JHStaal-Buffer-tanks-scaled-554x312.jpg 554w, \/wp-content\/uploads\/2021\/02\/JHStaal-Buffer-tanks-scaled-1108x624.jpg 1108w\" loading=\"eager\" style=\"--ratio: 554 \/ 312\" sizes=\"(max-width: 554px) 100vw, 554px\" alt=\"\" width=\"554\" height=\"312\"  \/><\/a>\t<\/figure>\n<\/article>\n\n<\/div><div class=\"wf-cell\" data-post-id=\"6806\" data-date=\"2021-02-02T08:18:27+00:00\" data-name=\"JHStaal Mobile Buffertank\">\n<article class=\"post post-6806 attachment type-attachment status-inherit hentry no-img description-off\">\n\n\t<figure class=\"rollover-project links-hovers-disabled\">\n\t<a href=\"\/wp-content\/uploads\/2021\/02\/JHStaal-Mobile-Buffertank-scaled.jpg\" class=\"rollover rollover-zoom dt-pswp-item layzr-bg\" title=\"JHStaal Mobile Buffertank\" data-dt-img-description=\"\"  data-large_image_width=\"2560\" data-large_image_height = \"1714\" ><img decoding=\"async\" class=\"preload-me jgrid-lazy-load aspect\" src=\"data:image\/svg+xml,%3Csvg%20xmlns%3D&#39;http%3A%2F%2Fwww.w3.org%2F2000%2Fsvg&#39;%20viewBox%3D&#39;0%200%20554%20312&#39;%2F%3E\" data-src=\"\/wp-content\/uploads\/2021\/02\/JHStaal-Mobile-Buffertank-scaled-554x312.jpg\" data-srcset=\"\/wp-content\/uploads\/2021\/02\/JHStaal-Mobile-Buffertank-scaled-554x312.jpg 554w, \/wp-content\/uploads\/2021\/02\/JHStaal-Mobile-Buffertank-scaled-1108x624.jpg 1108w\" loading=\"eager\" style=\"--ratio: 554 \/ 312\" sizes=\"(max-width: 554px) 100vw, 554px\" alt=\"\" width=\"554\" height=\"312\"  \/><\/a>\t<\/figure>\n<\/article>\n\n<\/div><div class=\"wf-cell\" data-post-id=\"6811\" data-date=\"2021-02-02T08:18:32+00:00\" data-name=\"JHStaal Stainless Steel Buffer tank\">\n<article class=\"post post-6811 attachment type-attachment status-inherit hentry no-img description-off\">\n\n\t<figure class=\"rollover-project links-hovers-disabled\">\n\t<a href=\"\/wp-content\/uploads\/2021\/02\/JHStaal-Stainless-Steel-Buffer-tank-scaled.jpg\" class=\"rollover rollover-zoom dt-pswp-item layzr-bg\" title=\"JHStaal Stainless Steel Buffer tank\" data-dt-img-description=\"\"  data-large_image_width=\"2560\" data-large_image_height = \"1593\" ><img decoding=\"async\" class=\"preload-me jgrid-lazy-load aspect\" src=\"data:image\/svg+xml,%3Csvg%20xmlns%3D&#39;http%3A%2F%2Fwww.w3.org%2F2000%2Fsvg&#39;%20viewBox%3D&#39;0%200%20554%20312&#39;%2F%3E\" data-src=\"\/wp-content\/uploads\/2021\/02\/JHStaal-Stainless-Steel-Buffer-tank-scaled-554x312.jpg\" data-srcset=\"\/wp-content\/uploads\/2021\/02\/JHStaal-Stainless-Steel-Buffer-tank-scaled-554x312.jpg 554w, \/wp-content\/uploads\/2021\/02\/JHStaal-Stainless-Steel-Buffer-tank-scaled-1108x624.jpg 1108w\" loading=\"eager\" style=\"--ratio: 554 \/ 312\" sizes=\"(max-width: 554px) 100vw, 554px\" alt=\"\" width=\"554\" height=\"312\"  \/><\/a>\t<\/figure>\n<\/article>\n\n<\/div><\/div>[\/vc_column][\/vc_row]<\/p>\n<\/div>","protected":false},"excerpt":{"rendered":"<p>[vc_row][vc_column][vc_single_image image=&#8220;4555&#8243; img_size=&#8220;full&#8220; alignment=&#8220;center&#8220;][vc_row_inner][\/vc_row_inner][vc_column_inner][\/vc_column_inner][vc_column_text][vc_row][vc_column width=&#8220;1\/1&#8243;][vc_column_text] Ein Puffertank ist ein Tank, der Teil einer Prozesslinie ist, in der der Inhalt in einer geplanten \u201dPause\u201d im Prozess gespeichert wird. JH St\u00e5lindustri produziert und liefert Edelstahl-Puffertank in hoher Qualit\u00e4t gem\u00e4\u00df den Anforderungen unserer Kunden. Wir haben umfassendes Fachwissen und verstehen daher, dass die Qualit\u00e4t des Tank in der&hellip;<\/p>\n","protected":false},"author":10,"featured_media":4553,"parent":4486,"menu_order":0,"comment_status":"closed","ping_status":"closed","template":"","meta":{"footnotes":""},"yoast_head":"<!-- This site is optimized with the Yoast SEO plugin v22.2 - https:\/\/yoast.com\/wordpress\/plugins\/seo\/ -->\n<title>Edelstahl-Puffertank - JH St\u00e5lindustri A\/S<\/title>\n<meta name=\"description\" content=\"JH St\u00e5lindustri fertigt und ber\u00e4t Edelstahl-puffertank, die als Teil einer Prozesslinie eingesetzt werden. JH St\u00e5lindustri liefert hochwertige Tank.\" \/>\n<meta name=\"robots\" content=\"index, follow, max-snippet:-1, max-image-preview:large, max-video-preview:-1\" \/>\n<link rel=\"canonical\" href=\"https:\/\/jhstaal.dk\/de\/produkte\/edelstahl-puffertank\/\" \/>\n<meta property=\"og:locale\" content=\"de_DE\" \/>\n<meta property=\"og:type\" content=\"article\" \/>\n<meta property=\"og:title\" content=\"Edelstahl-Puffertank - JH St\u00e5lindustri A\/S\" \/>\n<meta property=\"og:description\" content=\"JH St\u00e5lindustri fertigt und ber\u00e4t Edelstahl-puffertank, die als Teil einer Prozesslinie eingesetzt werden. JH St\u00e5lindustri liefert hochwertige Tank.\" \/>\n<meta property=\"og:url\" content=\"https:\/\/jhstaal.dk\/de\/produkte\/edelstahl-puffertank\/\" \/>\n<meta property=\"og:site_name\" content=\"JH St&aring;lindustri A\/S\" \/>\n<meta property=\"article:modified_time\" content=\"2021-03-01T18:54:37+00:00\" \/>\n<meta property=\"og:image\" content=\"https:\/\/jhstaal.dk\/wp-content\/uploads\/2020\/06\/rustfri-buffertank-1-2012-01-01-scaled.jpg\" \/>\n\t<meta property=\"og:image:width\" content=\"1920\" \/>\n\t<meta property=\"og:image:height\" content=\"2560\" \/>\n\t<meta property=\"og:image:type\" content=\"image\/jpeg\" \/>\n<meta name=\"twitter:card\" content=\"summary_large_image\" \/>\n<meta name=\"twitter:label1\" content=\"Gesch\u00e4tzte Lesezeit\" \/>\n\t<meta name=\"twitter:data1\" content=\"3\u00a0Minuten\" \/>\n<script type=\"application\/ld+json\" class=\"yoast-schema-graph\">{\"@context\":\"https:\/\/schema.org\",\"@graph\":[{\"@type\":\"WebPage\",\"@id\":\"https:\/\/jhstaal.dk\/de\/produkte\/edelstahl-puffertank\/\",\"url\":\"https:\/\/jhstaal.dk\/de\/produkte\/edelstahl-puffertank\/\",\"name\":\"Edelstahl-Puffertank - JH St\u00e5lindustri A\/S\",\"isPartOf\":{\"@id\":\"https:\/\/jhstaal.com\/#website\"},\"primaryImageOfPage\":{\"@id\":\"https:\/\/jhstaal.dk\/de\/produkte\/edelstahl-puffertank\/#primaryimage\"},\"image\":{\"@id\":\"https:\/\/jhstaal.dk\/de\/produkte\/edelstahl-puffertank\/#primaryimage\"},\"thumbnailUrl\":\"\/wp-content\/uploads\/2020\/06\/rustfri-buffertank-1-2012-01-01-scaled.jpg\",\"datePublished\":\"2020-12-11T07:55:28+00:00\",\"dateModified\":\"2021-03-01T18:54:37+00:00\",\"description\":\"JH St\u00e5lindustri fertigt und ber\u00e4t Edelstahl-puffertank, die als Teil einer Prozesslinie eingesetzt werden. JH St\u00e5lindustri liefert hochwertige Tank.\",\"breadcrumb\":{\"@id\":\"https:\/\/jhstaal.dk\/de\/produkte\/edelstahl-puffertank\/#breadcrumb\"},\"inLanguage\":\"de\",\"potentialAction\":[{\"@type\":\"ReadAction\",\"target\":[\"https:\/\/jhstaal.dk\/de\/produkte\/edelstahl-puffertank\/\"]}]},{\"@type\":\"ImageObject\",\"inLanguage\":\"de\",\"@id\":\"https:\/\/jhstaal.dk\/de\/produkte\/edelstahl-puffertank\/#primaryimage\",\"url\":\"\/wp-content\/uploads\/2020\/06\/rustfri-buffertank-1-2012-01-01-scaled.jpg\",\"contentUrl\":\"\/wp-content\/uploads\/2020\/06\/rustfri-buffertank-1-2012-01-01-scaled.jpg\",\"width\":1920,\"height\":2560,\"caption\":\"Buffertanke fra JH St\u00e5lindustri\"},{\"@type\":\"BreadcrumbList\",\"@id\":\"https:\/\/jhstaal.dk\/de\/produkte\/edelstahl-puffertank\/#breadcrumb\",\"itemListElement\":[{\"@type\":\"ListItem\",\"position\":1,\"name\":\"Hjem\",\"item\":\"https:\/\/jhstaal.dk\/de\/\"},{\"@type\":\"ListItem\",\"position\":2,\"name\":\"Produkte\",\"item\":\"https:\/\/jhstaal.dk\/de\/produkte\/\"},{\"@type\":\"ListItem\",\"position\":3,\"name\":\"Edelstahl-Puffertank\"}]},{\"@type\":\"WebSite\",\"@id\":\"https:\/\/jhstaal.com\/#website\",\"url\":\"https:\/\/jhstaal.com\/\",\"name\":\"JH St&aring;lindustri A\/S\",\"description\":\"St&aring;ltanke\",\"publisher\":{\"@id\":\"https:\/\/jhstaal.com\/#organization\"},\"potentialAction\":[{\"@type\":\"SearchAction\",\"target\":{\"@type\":\"EntryPoint\",\"urlTemplate\":\"https:\/\/jhstaal.com\/?s={search_term_string}\"},\"query-input\":\"required name=search_term_string\"}],\"inLanguage\":\"de\"},{\"@type\":\"Organization\",\"@id\":\"https:\/\/jhstaal.com\/#organization\",\"name\":\"JH St\u00e5lindustri A\/S\",\"url\":\"https:\/\/jhstaal.com\/\",\"logo\":{\"@type\":\"ImageObject\",\"inLanguage\":\"de\",\"@id\":\"https:\/\/jhstaal.com\/#\/schema\/logo\/image\/\",\"url\":\"\/wp-content\/uploads\/2016\/09\/JHstaal-LOGO-600px.jpg\",\"contentUrl\":\"\/wp-content\/uploads\/2016\/09\/JHstaal-LOGO-600px.jpg\",\"width\":600,\"height\":160,\"caption\":\"JH St\u00e5lindustri A\/S\"},\"image\":{\"@id\":\"https:\/\/jhstaal.com\/#\/schema\/logo\/image\/\"}}]}<\/script>\n<!-- \/ Yoast SEO plugin. -->","yoast_head_json":{"title":"Edelstahl-Puffertank - JH St\u00e5lindustri A\/S","description":"JH St\u00e5lindustri fertigt und ber\u00e4t Edelstahl-puffertank, die als Teil einer Prozesslinie eingesetzt werden. JH St\u00e5lindustri liefert hochwertige Tank.","robots":{"index":"index","follow":"follow","max-snippet":"max-snippet:-1","max-image-preview":"max-image-preview:large","max-video-preview":"max-video-preview:-1"},"canonical":"https:\/\/jhstaal.dk\/de\/produkte\/edelstahl-puffertank\/","og_locale":"de_DE","og_type":"article","og_title":"Edelstahl-Puffertank - JH St\u00e5lindustri A\/S","og_description":"JH St\u00e5lindustri fertigt und ber\u00e4t Edelstahl-puffertank, die als Teil einer Prozesslinie eingesetzt werden. JH St\u00e5lindustri liefert hochwertige Tank.","og_url":"https:\/\/jhstaal.dk\/de\/produkte\/edelstahl-puffertank\/","og_site_name":"JH St&aring;lindustri A\/S","article_modified_time":"2021-03-01T18:54:37+00:00","og_image":[{"width":1920,"height":2560,"url":"https:\/\/jhstaal.dk\/wp-content\/uploads\/2020\/06\/rustfri-buffertank-1-2012-01-01-scaled.jpg","type":"image\/jpeg"}],"twitter_card":"summary_large_image","twitter_misc":{"Gesch\u00e4tzte Lesezeit":"3\u00a0Minuten"},"schema":{"@context":"https:\/\/schema.org","@graph":[{"@type":"WebPage","@id":"https:\/\/jhstaal.dk\/de\/produkte\/edelstahl-puffertank\/","url":"https:\/\/jhstaal.dk\/de\/produkte\/edelstahl-puffertank\/","name":"Edelstahl-Puffertank - JH St\u00e5lindustri A\/S","isPartOf":{"@id":"https:\/\/jhstaal.com\/#website"},"primaryImageOfPage":{"@id":"https:\/\/jhstaal.dk\/de\/produkte\/edelstahl-puffertank\/#primaryimage"},"image":{"@id":"https:\/\/jhstaal.dk\/de\/produkte\/edelstahl-puffertank\/#primaryimage"},"thumbnailUrl":"\/wp-content\/uploads\/2020\/06\/rustfri-buffertank-1-2012-01-01-scaled.jpg","datePublished":"2020-12-11T07:55:28+00:00","dateModified":"2021-03-01T18:54:37+00:00","description":"JH St\u00e5lindustri fertigt und ber\u00e4t Edelstahl-puffertank, die als Teil einer Prozesslinie eingesetzt werden. JH St\u00e5lindustri liefert hochwertige Tank.","breadcrumb":{"@id":"https:\/\/jhstaal.dk\/de\/produkte\/edelstahl-puffertank\/#breadcrumb"},"inLanguage":"de","potentialAction":[{"@type":"ReadAction","target":["https:\/\/jhstaal.dk\/de\/produkte\/edelstahl-puffertank\/"]}]},{"@type":"ImageObject","inLanguage":"de","@id":"https:\/\/jhstaal.dk\/de\/produkte\/edelstahl-puffertank\/#primaryimage","url":"\/wp-content\/uploads\/2020\/06\/rustfri-buffertank-1-2012-01-01-scaled.jpg","contentUrl":"\/wp-content\/uploads\/2020\/06\/rustfri-buffertank-1-2012-01-01-scaled.jpg","width":1920,"height":2560,"caption":"Buffertanke fra JH St\u00e5lindustri"},{"@type":"BreadcrumbList","@id":"https:\/\/jhstaal.dk\/de\/produkte\/edelstahl-puffertank\/#breadcrumb","itemListElement":[{"@type":"ListItem","position":1,"name":"Hjem","item":"https:\/\/jhstaal.dk\/de\/"},{"@type":"ListItem","position":2,"name":"Produkte","item":"https:\/\/jhstaal.dk\/de\/produkte\/"},{"@type":"ListItem","position":3,"name":"Edelstahl-Puffertank"}]},{"@type":"WebSite","@id":"https:\/\/jhstaal.com\/#website","url":"https:\/\/jhstaal.com\/","name":"JH St&aring;lindustri A\/S","description":"St&aring;ltanke","publisher":{"@id":"https:\/\/jhstaal.com\/#organization"},"potentialAction":[{"@type":"SearchAction","target":{"@type":"EntryPoint","urlTemplate":"https:\/\/jhstaal.com\/?s={search_term_string}"},"query-input":"required name=search_term_string"}],"inLanguage":"de"},{"@type":"Organization","@id":"https:\/\/jhstaal.com\/#organization","name":"JH St\u00e5lindustri A\/S","url":"https:\/\/jhstaal.com\/","logo":{"@type":"ImageObject","inLanguage":"de","@id":"https:\/\/jhstaal.com\/#\/schema\/logo\/image\/","url":"\/wp-content\/uploads\/2016\/09\/JHstaal-LOGO-600px.jpg","contentUrl":"\/wp-content\/uploads\/2016\/09\/JHstaal-LOGO-600px.jpg","width":600,"height":160,"caption":"JH St\u00e5lindustri A\/S"},"image":{"@id":"https:\/\/jhstaal.com\/#\/schema\/logo\/image\/"}}]}},"_links":{"self":[{"href":"https:\/\/jhstaal.dk\/de\/wp-json\/wp\/v2\/pages\/4552"}],"collection":[{"href":"https:\/\/jhstaal.dk\/de\/wp-json\/wp\/v2\/pages"}],"about":[{"href":"https:\/\/jhstaal.dk\/de\/wp-json\/wp\/v2\/types\/page"}],"author":[{"embeddable":true,"href":"https:\/\/jhstaal.dk\/de\/wp-json\/wp\/v2\/users\/10"}],"replies":[{"embeddable":true,"href":"https:\/\/jhstaal.dk\/de\/wp-json\/wp\/v2\/comments?post=4552"}],"version-history":[{"count":3,"href":"https:\/\/jhstaal.dk\/de\/wp-json\/wp\/v2\/pages\/4552\/revisions"}],"predecessor-version":[{"id":7158,"href":"https:\/\/jhstaal.dk\/de\/wp-json\/wp\/v2\/pages\/4552\/revisions\/7158"}],"up":[{"embeddable":true,"href":"https:\/\/jhstaal.dk\/de\/wp-json\/wp\/v2\/pages\/4486"}],"wp:featuredmedia":[{"embeddable":true,"href":"https:\/\/jhstaal.dk\/de\/wp-json\/wp\/v2\/media\/4553"}],"wp:attachment":[{"href":"https:\/\/jhstaal.dk\/de\/wp-json\/wp\/v2\/media?parent=4552"}],"curies":[{"name":"wp","href":"https:\/\/api.w.org\/{rel}","templated":true}]}}