{"id":4014,"date":"2020-12-10T10:21:49","date_gmt":"2020-12-10T10:21:49","guid":{"rendered":"https:\/\/jhstaal.com\/rustfrie-mikse-tanker\/"},"modified":"2021-03-01T18:27:04","modified_gmt":"2021-03-01T18:27:04","slug":"rustfrie-mikse-tanker","status":"publish","type":"page","link":"https:\/\/jhstaal.dk\/nb\/produkter\/rustfrie-mikse-tanker\/","title":{"rendered":"Rustfrie mikse tanker"},"content":{"rendered":"<div class=\"wpb-content-wrapper\"><p>[vc_row][vc_column][vc_single_image image=&raquo;4017&#8243; img_size=&raquo;full&raquo; alignment=&raquo;center&raquo;][vc_row_inner][vc_column_inner][vc_column_text]<\/p>\n<p>Rustfrie mikse tanker eller &laquo;liquiverters&raquo; er h\u00f8yhastighets \u00abshear mixer\u00bb som effektivt inkorporerer t\u00f8rrstoffpartikler i en l\u00f8sning eller et flytende produkt. De brukes derfor i produksjonslinjer som trenger rask og effektiv blanding av produkter.<\/p>\n<div class=\"gap\" style=\"line-height: 20px; height: 20px;\"><\/div>\n<h2>Effektiv mikse tank for blandeprosessen<\/h2>\n<div class=\"gap\" style=\"line-height: 20px; height: 20px;\"><\/div>\n<p>Hos JH St\u00e5lindustri har vi produsert mikse tanker for et stort antall kunder. Oftest er de bygget som en firkantet tank med en bunnplasserte spesialkopphjul eller rund med en fast skj\u00e6replate som har et integrert knivsystem for \u00e5 pusse produktbiter eller pusse st\u00f8rre partikler. Mikse tankene brukes derfor ofte i n\u00e6ringsmiddelindustrien for effektiv blanding av produktet.<\/p>\n<div class=\"gap\" style=\"line-height: 20px; height: 20px;\"><\/div>\n<h3><span class=\"tlid-translation\"><span lang=\"NO-BOK\">H\u00f8y pumpekapasitet<\/span><\/span><\/h3>\n<div class=\"gap\" style=\"line-height: 20px; height: 20px;\"><\/div>\n<p>Det kraftige l\u00f8pehjulet skaper en stor &laquo;vortex&raquo; i v\u00e6sken, men den bryter igjen under utviklingen av et effektivt miks\/blandingsmilj\u00f8. Pumpehjulet har h\u00f8y pumpekapasitet for den interne resirkulasjonen eller for bunnutl\u00f8pet n\u00e5r prosessen er fullf\u00f8rt.<\/p>\n<div class=\"gap\" style=\"line-height: 20px; height: 20px;\"><\/div>\n<h3>H\u00f8yhastighets mikser\/blander<\/h3>\n<div class=\"gap\" style=\"line-height: 20px; height: 20px;\"><\/div>\n<p>Denne h\u00f8yhastighetsblanderen kan ogs\u00e5 brukes til \u00e5 blande, spre, rekonstituere, oppl\u00f8se, fukte og gjenoppl\u00f8se l\u00f8selig lim. Det sikrer st\u00f8rre stabilitet og homogenitet ettersom uoppl\u00f8selige produkter dispergeres i en v\u00e6ske for fremstilling av suspensjoner og oppslemming.<\/p>\n<div class=\"gap\" style=\"line-height: 20px; height: 20px;\"><\/div>\n<h3>Ulike former og st\u00f8rrelser<\/h3>\n<div class=\"gap\" style=\"line-height: 20px; height: 20px;\"><\/div>\n<p>Hos JH St\u00e5lindustri designer vi mikse tanken spesielt for den individuelle produksjonen. Vi leverer vertikale mikse tanker i st\u00f8rrelser fra 200L til 3000L. I tillegg tar vi hensyn til eventuelle tilleggsfunksjoner samt motorst\u00f8rrelser avhengig av form\u00e5let med tanken.<\/p>\n<div class=\"gap\" style=\"line-height: 20px; height: 20px;\"><\/div>\n<h3>Mikse tanker for matforedling<\/h3>\n<div class=\"gap\" style=\"line-height: 20px; height: 20px;\"><\/div>\n<p>Gjennom \u00e5rene har vi i JH St\u00e5lindustri jobbet tett med en rekke selskaper i n\u00e6ringsmiddelindustrien. Her m\u00f8ter vi ofte et spesielt behov n\u00e5r det gjelder blanding og bearbeiding av produktet. Spesielle forhold for den gitte maten kan skape utfordringer for produksjonen. Hos JH St\u00e5lindustri kan vi derfor bruke v\u00e5r tekniske kompetanse til \u00e5 effektivisere prosessen og sikre effektiv blanding av produktet. Vi kan derfor levere mikse tanker som oppfyller spesielle behov og inneholder ting som:<\/p>\n<ul>\n<li>Kraftige r\u00f8reverker for sv\u00e6rt tyktflytende produkter<\/li>\n<li>Horisontale og vertikale r\u00f8reverker<\/li>\n<li>Effektiv varmeutveksling<\/li>\n<li>CIP-anlegg<\/li>\n<li>Effektivt avl\u00f8psutl\u00f8p<\/li>\n<li>Pumping inn og ut av tanken<\/li>\n<li>PLC-kontroll<\/li>\n<\/ul>\n<div class=\"gap\" style=\"line-height: 20px; height: 20px;\"><\/div>\n<h2><span class=\"tlid-translation\"><span lang=\"NO-BOK\">JH St\u00e5lindustri har stor fagkunnskap<\/span><\/span><\/h2>\n<div class=\"gap\" style=\"line-height: 20px; height: 20px;\"><\/div>\n<p>Hos JH St\u00e5lindustri produserer vi rustfrie tanker i henhold til v\u00e5re kunders kravspesifikasjoner. Vi er forpliktet til \u00e5 sikre at alle standarder blir oppfylt og at kundene v\u00e5re har en tank av h\u00f8y kvalitet. Derfor kan kundene v\u00e5re forvente:<\/p>\n<ul>\n<li>En grundig og grundig dialog slik at vi 100% forst\u00e5r kundens behov og krav til tanken<\/li>\n<li>Full sporbarhet p\u00e5 alle materialer<\/li>\n<li>En stor innsats for \u00e5 f\u00e5 kunden til \u00e5 forst\u00e5 alle de tekniske detaljene rundt mikse tanken. Vi bruker blant annet 3D-tegninger for \u00e5 skape denne forst\u00e5elsen<\/li>\n<li>Dokumentasjon av produksjonsprosessen. Inkludert materiale og sveisesertifikater, overflater, tester og mye mer<\/li>\n<\/ul>\n<div class=\"gap\" style=\"line-height: 20px; height: 20px;\"><\/div>\n<h3>Smedene v\u00e5re er sertifiserte<\/h3>\n<div class=\"gap\" style=\"line-height: 20px; height: 20px;\"><\/div>\n<p>\u00c5 lage rustfrie tanker av h\u00f8y kvalitet er et h\u00e5ndverk. Derfor er v\u00e5re smeder selvf\u00f8lgelig sertifiserte i henhold til PED-kravene, som er sertifiseringer for \u00e5 jobbe med forskjellige:<\/p>\n<ul>\n<li>Materialer<\/li>\n<li>Sveisemetoder<\/li>\n<li>Godstykkelser<\/li>\n<\/ul>\n<div class=\"gap\" style=\"line-height: 20px; height: 20px;\"><\/div>\n<p>Sertifiseringene er gyldige i 3 \u00e5r, og derfor kan vi garantere at smedene v\u00e5re alltid er oppdatert med de nyeste arbeidsmetodene. Det er din garanti for en godt utf\u00f8rt jobb.<\/p>\n<div class=\"gap\" style=\"line-height: 20px; height: 20px;\"><\/div>\n<p>Kontakt JH St\u00e5lindustri i dag hvis du vil vite mer om mikse tanker eller v\u00e5re prosedyrer p\u00e5 telefon +45 86 47 90 44 eller via e-post til jhstaal@jhstaal.com.<\/p>\n<p>[\/vc_column_text][\/vc_column_inner][\/vc_row_inner][\/vc_column][\/vc_row][vc_row][vc_column]<style type=\"text\/css\" data-type=\"the7_shortcodes-inline-css\">#default-btn-d8c5237c5fe76120b0f5003cd8542aa5 {\n  border-radius: 5px;\n  font-size: 18px;\n  line-height: 20px;\n}\n.btn-shadow#default-btn-d8c5237c5fe76120b0f5003cd8542aa5 {\n  box-shadow: 0 1px 6px rgba(0,0,0,0.12);\n  transition: box-shadow 0.2s ease-out, opacity 0.45s;\n}\n.btn-shadow#default-btn-d8c5237c5fe76120b0f5003cd8542aa5:hover {\n  box-shadow: 0 5px 11px 0 rgba(0,0,0,0.18), 0 4px 15px 0 rgba(0,0,0,0.15);\n}\n.btn-flat#default-btn-d8c5237c5fe76120b0f5003cd8542aa5 {\n  box-shadow: none;\n}\n.btn-flat#default-btn-d8c5237c5fe76120b0f5003cd8542aa5:hover {\n  box-shadow: none;\n}\n#default-btn-d8c5237c5fe76120b0f5003cd8542aa5.ico-right-side > i {\n  margin-right: 0px;\n  margin-left: 8px;\n}\n#default-btn-d8c5237c5fe76120b0f5003cd8542aa5 > i {\n  margin-right: 8px;\n  font-size: 25px;\n}\n#default-btn-d8c5237c5fe76120b0f5003cd8542aa5:not(:hover) {\n  border-width: 0px;\n  padding: 17px 24px 16px 24px;\n}\n#default-btn-d8c5237c5fe76120b0f5003cd8542aa5:hover {\n  border-width: 0px;\n  padding: 17px 24px 16px 24px;\n}\n#default-btn-d8c5237c5fe76120b0f5003cd8542aa5.ico-right-side > i {\n  margin-right: 0px;\n  margin-left: 8px;\n}\n#default-btn-d8c5237c5fe76120b0f5003cd8542aa5 > i {\n  margin-right: 8px;\n}\n<\/style><div class=\"btn-align-center\"><a href=\"https:\/\/jhstaal.com\/en\/datasheets\/\" class=\"default-btn-shortcode dt-btn link-hover-off btn-flat  vc_custom_1614268365676\" id=\"default-btn-d8c5237c5fe76120b0f5003cd8542aa5\" title=\"Datasheets\"><span>See our datasheets here<\/span><\/a><\/div>[vc_separator border_width=&raquo;3&#8243;]<div class=\"ult-spacer spacer-69d3b3b758095\" data-id=\"69d3b3b758095\" data-height=\"30\" data-height-mobile=\"30\" data-height-tab=\"30\" data-height-tab-portrait=\"30\" data-height-mobile-landscape=\"30\" style=\"clear:both;display:block;\"><\/div>[\/vc_column][\/vc_row][vc_row][vc_column]<div class=\"wf-container dt-gallery-container dt-photos-shortcode loading-effect-fade-in iso-grid jg-container description-on-hover hover-style-two hover-fade content-align-centre\" data-padding=\"20px\" data-cur-page=\"1\" data-target-height=\"240px\"><div class=\"wf-cell\" data-post-id=\"6790\" data-date=\"2021-02-02T07:48:06+00:00\" data-name=\"JHStaal Liquiverter\">\n<article class=\"post post-6790 attachment type-attachment status-inherit hentry no-img description-off\">\n\n\t<figure class=\"rollover-project links-hovers-disabled\">\n\t<a href=\"\/wp-content\/uploads\/2020\/12\/JHStaal-Liquiverter-scaled.jpg\" class=\"rollover rollover-zoom dt-pswp-item layzr-bg\" title=\"JHStaal Liquiverter\" data-dt-img-description=\"\"  data-large_image_width=\"1714\" data-large_image_height = \"2560\" ><img fetchpriority=\"high\" decoding=\"async\" class=\"preload-me jgrid-lazy-load aspect\" src=\"data:image\/svg+xml,%3Csvg%20xmlns%3D&#39;http%3A%2F%2Fwww.w3.org%2F2000%2Fsvg&#39;%20viewBox%3D&#39;0%200%20554%20312&#39;%2F%3E\" data-src=\"\/wp-content\/uploads\/2020\/12\/JHStaal-Liquiverter-scaled-554x312.jpg\" data-srcset=\"\/wp-content\/uploads\/2020\/12\/JHStaal-Liquiverter-scaled-554x312.jpg 554w, \/wp-content\/uploads\/2020\/12\/JHStaal-Liquiverter-scaled-1108x624.jpg 1108w\" loading=\"eager\" style=\"--ratio: 554 \/ 312\" sizes=\"(max-width: 554px) 100vw, 554px\" alt=\"\" width=\"554\" height=\"312\"  \/><\/a>\t<\/figure>\n<\/article>\n\n<\/div><div class=\"wf-cell\" data-post-id=\"6785\" data-date=\"2021-02-02T07:47:59+00:00\" data-name=\"JHStaal Liquiverter Stainless Steel\">\n<article class=\"post post-6785 attachment type-attachment status-inherit hentry no-img description-off\">\n\n\t<figure class=\"rollover-project links-hovers-disabled\">\n\t<a href=\"\/wp-content\/uploads\/2020\/12\/JHStaal-Liquiverter-Stainless-Steel-scaled.jpg\" class=\"rollover rollover-zoom dt-pswp-item layzr-bg\" title=\"JHStaal Liquiverter Stainless Steel\" data-dt-img-description=\"\"  data-large_image_width=\"1714\" data-large_image_height = \"2560\" ><img decoding=\"async\" class=\"preload-me jgrid-lazy-load aspect\" src=\"data:image\/svg+xml,%3Csvg%20xmlns%3D&#39;http%3A%2F%2Fwww.w3.org%2F2000%2Fsvg&#39;%20viewBox%3D&#39;0%200%20554%20312&#39;%2F%3E\" data-src=\"\/wp-content\/uploads\/2020\/12\/JHStaal-Liquiverter-Stainless-Steel-scaled-554x312.jpg\" data-srcset=\"\/wp-content\/uploads\/2020\/12\/JHStaal-Liquiverter-Stainless-Steel-scaled-554x312.jpg 554w, \/wp-content\/uploads\/2020\/12\/JHStaal-Liquiverter-Stainless-Steel-scaled-1108x624.jpg 1108w\" loading=\"eager\" style=\"--ratio: 554 \/ 312\" sizes=\"(max-width: 554px) 100vw, 554px\" alt=\"\" width=\"554\" height=\"312\"  \/><\/a>\t<\/figure>\n<\/article>\n\n<\/div><div class=\"wf-cell\" data-post-id=\"6780\" data-date=\"2021-02-02T07:46:58+00:00\" data-name=\"JHStaal Mix tanks\">\n<article class=\"post post-6780 attachment type-attachment status-inherit hentry no-img description-off\">\n\n\t<figure class=\"rollover-project links-hovers-disabled\">\n\t<a href=\"\/wp-content\/uploads\/2020\/12\/JHStaal-Mix-tanks-scaled.jpg\" class=\"rollover rollover-zoom dt-pswp-item layzr-bg\" title=\"JHStaal Mix tanks\" data-dt-img-description=\"\"  data-large_image_width=\"2560\" data-large_image_height = \"1440\" ><img decoding=\"async\" class=\"preload-me jgrid-lazy-load aspect\" src=\"data:image\/svg+xml,%3Csvg%20xmlns%3D&#39;http%3A%2F%2Fwww.w3.org%2F2000%2Fsvg&#39;%20viewBox%3D&#39;0%200%20554%20312&#39;%2F%3E\" data-src=\"\/wp-content\/uploads\/2020\/12\/JHStaal-Mix-tanks-scaled-554x312.jpg\" data-srcset=\"\/wp-content\/uploads\/2020\/12\/JHStaal-Mix-tanks-scaled-554x312.jpg 554w, \/wp-content\/uploads\/2020\/12\/JHStaal-Mix-tanks-scaled-1108x624.jpg 1108w\" loading=\"eager\" style=\"--ratio: 554 \/ 312\" sizes=\"(max-width: 554px) 100vw, 554px\" alt=\"\" width=\"554\" height=\"312\"  \/><\/a>\t<\/figure>\n<\/article>\n\n<\/div><div class=\"wf-cell\" data-post-id=\"6775\" data-date=\"2021-02-02T07:46:51+00:00\" data-name=\"JHStaal Jam mixing tank\">\n<article class=\"post post-6775 attachment type-attachment status-inherit hentry no-img description-off\">\n\n\t<figure class=\"rollover-project links-hovers-disabled\">\n\t<a href=\"\/wp-content\/uploads\/2020\/12\/JHStaal-Jam-mixing-tank-scaled.jpg\" class=\"rollover rollover-zoom dt-pswp-item layzr-bg\" title=\"JHStaal Jam mixing tank\" data-dt-img-description=\"\"  data-large_image_width=\"2560\" data-large_image_height = \"1920\" ><img decoding=\"async\" class=\"preload-me jgrid-lazy-load aspect\" src=\"data:image\/svg+xml,%3Csvg%20xmlns%3D&#39;http%3A%2F%2Fwww.w3.org%2F2000%2Fsvg&#39;%20viewBox%3D&#39;0%200%20554%20312&#39;%2F%3E\" data-src=\"\/wp-content\/uploads\/2020\/12\/JHStaal-Jam-mixing-tank-scaled-554x312.jpg\" data-srcset=\"\/wp-content\/uploads\/2020\/12\/JHStaal-Jam-mixing-tank-scaled-554x312.jpg 554w, \/wp-content\/uploads\/2020\/12\/JHStaal-Jam-mixing-tank-scaled-1108x624.jpg 1108w\" loading=\"eager\" style=\"--ratio: 554 \/ 312\" sizes=\"(max-width: 554px) 100vw, 554px\" alt=\"\" width=\"554\" height=\"312\"  \/><\/a>\t<\/figure>\n<\/article>\n\n<\/div><div class=\"wf-cell\" data-post-id=\"6770\" data-date=\"2021-02-02T07:46:44+00:00\" data-name=\"JHStaal Food Process\">\n<article class=\"post post-6770 attachment type-attachment status-inherit hentry no-img description-off\">\n\n\t<figure class=\"rollover-project links-hovers-disabled\">\n\t<a href=\"\/wp-content\/uploads\/2020\/12\/JHStaal-Food-Process-scaled.jpg\" class=\"rollover rollover-zoom dt-pswp-item layzr-bg\" title=\"JHStaal Food Process\" data-dt-img-description=\"\"  data-large_image_width=\"2560\" data-large_image_height = \"1920\" ><img decoding=\"async\" class=\"preload-me jgrid-lazy-load aspect\" src=\"data:image\/svg+xml,%3Csvg%20xmlns%3D&#39;http%3A%2F%2Fwww.w3.org%2F2000%2Fsvg&#39;%20viewBox%3D&#39;0%200%20554%20312&#39;%2F%3E\" data-src=\"\/wp-content\/uploads\/2020\/12\/JHStaal-Food-Process-scaled-554x312.jpg\" data-srcset=\"\/wp-content\/uploads\/2020\/12\/JHStaal-Food-Process-scaled-554x312.jpg 554w, \/wp-content\/uploads\/2020\/12\/JHStaal-Food-Process-scaled-1108x624.jpg 1108w\" loading=\"eager\" style=\"--ratio: 554 \/ 312\" sizes=\"(max-width: 554px) 100vw, 554px\" alt=\"\" width=\"554\" height=\"312\"  \/><\/a>\t<\/figure>\n<\/article>\n\n<\/div><\/div>[\/vc_column][\/vc_row]<\/p>\n<\/div>","protected":false},"excerpt":{"rendered":"<p>[vc_row][vc_column][vc_single_image image=&raquo;4017&#8243; img_size=&raquo;full&raquo; alignment=&raquo;center&raquo;][vc_row_inner][vc_column_inner][vc_column_text] Rustfrie mikse tanker eller &laquo;liquiverters&raquo; er h\u00f8yhastighets \u00abshear mixer\u00bb som effektivt inkorporerer t\u00f8rrstoffpartikler i en l\u00f8sning eller et flytende produkt. De brukes derfor i produksjonslinjer som trenger rask og effektiv blanding av produkter. Effektiv mikse tank for blandeprosessen Hos JH St\u00e5lindustri har vi produsert mikse tanker for et stort antall kunder.&hellip;<\/p>\n","protected":false},"author":10,"featured_media":0,"parent":4204,"menu_order":0,"comment_status":"closed","ping_status":"closed","template":"","meta":{"footnotes":""},"yoast_head":"<!-- This site is optimized with the Yoast SEO plugin v22.2 - https:\/\/yoast.com\/wordpress\/plugins\/seo\/ -->\n<title>Rustfrie mikse tanker \u2013 JH St\u00e5lindustri A\/S<\/title>\n<meta name=\"description\" content=\"Rustfrie mikse tanker v\u00e5re er en stabil h\u00f8yhastighets mikse tank, som er optimal for \u00e5 blande et t\u00f8rt produkt med et flytende produkt med et integrert knivsystem.\" \/>\n<meta name=\"robots\" content=\"index, follow, max-snippet:-1, max-image-preview:large, max-video-preview:-1\" \/>\n<link rel=\"canonical\" href=\"https:\/\/jhstaal.dk\/nb\/produkter\/rustfrie-mikse-tanker\/\" \/>\n<meta property=\"og:locale\" content=\"nb_NO\" \/>\n<meta property=\"og:type\" content=\"article\" \/>\n<meta property=\"og:title\" content=\"Rustfrie mikse tanker \u2013 JH St\u00e5lindustri A\/S\" \/>\n<meta property=\"og:description\" content=\"Rustfrie mikse tanker v\u00e5re er en stabil h\u00f8yhastighets mikse tank, som er optimal for \u00e5 blande et t\u00f8rt produkt med et flytende produkt med et integrert knivsystem.\" \/>\n<meta property=\"og:url\" content=\"https:\/\/jhstaal.dk\/nb\/produkter\/rustfrie-mikse-tanker\/\" \/>\n<meta property=\"og:site_name\" content=\"JH St&aring;lindustri A\/S\" \/>\n<meta property=\"article:modified_time\" content=\"2021-03-01T18:27:04+00:00\" \/>\n<meta name=\"twitter:card\" content=\"summary_large_image\" \/>\n<meta name=\"twitter:label1\" content=\"Ansl. lesetid\" \/>\n\t<meta name=\"twitter:data1\" content=\"3 minutter\" \/>\n<script type=\"application\/ld+json\" class=\"yoast-schema-graph\">{\"@context\":\"https:\/\/schema.org\",\"@graph\":[{\"@type\":\"WebPage\",\"@id\":\"https:\/\/jhstaal.dk\/nb\/produkter\/rustfrie-mikse-tanker\/\",\"url\":\"https:\/\/jhstaal.dk\/nb\/produkter\/rustfrie-mikse-tanker\/\",\"name\":\"Rustfrie mikse tanker \u2013 JH St\u00e5lindustri A\/S\",\"isPartOf\":{\"@id\":\"https:\/\/www.jhstaal.com\/#website\"},\"datePublished\":\"2020-12-10T10:21:49+00:00\",\"dateModified\":\"2021-03-01T18:27:04+00:00\",\"description\":\"Rustfrie mikse tanker v\u00e5re er en stabil h\u00f8yhastighets mikse tank, som er optimal for \u00e5 blande et t\u00f8rt produkt med et flytende produkt med et integrert knivsystem.\",\"breadcrumb\":{\"@id\":\"https:\/\/jhstaal.dk\/nb\/produkter\/rustfrie-mikse-tanker\/#breadcrumb\"},\"inLanguage\":\"nb-NO\",\"potentialAction\":[{\"@type\":\"ReadAction\",\"target\":[\"https:\/\/jhstaal.dk\/nb\/produkter\/rustfrie-mikse-tanker\/\"]}]},{\"@type\":\"BreadcrumbList\",\"@id\":\"https:\/\/jhstaal.dk\/nb\/produkter\/rustfrie-mikse-tanker\/#breadcrumb\",\"itemListElement\":[{\"@type\":\"ListItem\",\"position\":1,\"name\":\"Hjem\",\"item\":\"https:\/\/jhstaal.com\/nb\/\"},{\"@type\":\"ListItem\",\"position\":2,\"name\":\"Produkter\",\"item\":\"https:\/\/jhstaal.dk\/nb\/produkter\/\"},{\"@type\":\"ListItem\",\"position\":3,\"name\":\"Rustfrie mikse tanker\"}]},{\"@type\":\"WebSite\",\"@id\":\"https:\/\/www.jhstaal.com\/#website\",\"url\":\"https:\/\/www.jhstaal.com\/\",\"name\":\"JH St&aring;lindustri A\/S\",\"description\":\"St&aring;ltanke\",\"publisher\":{\"@id\":\"https:\/\/www.jhstaal.com\/#organization\"},\"potentialAction\":[{\"@type\":\"SearchAction\",\"target\":{\"@type\":\"EntryPoint\",\"urlTemplate\":\"https:\/\/www.jhstaal.com\/?s={search_term_string}\"},\"query-input\":\"required name=search_term_string\"}],\"inLanguage\":\"nb-NO\"},{\"@type\":\"Organization\",\"@id\":\"https:\/\/www.jhstaal.com\/#organization\",\"name\":\"JH St\u00e5lindustri A\/S\",\"url\":\"https:\/\/www.jhstaal.com\/\",\"logo\":{\"@type\":\"ImageObject\",\"inLanguage\":\"nb-NO\",\"@id\":\"https:\/\/www.jhstaal.com\/#\/schema\/logo\/image\/\",\"url\":\"\/wp-content\/uploads\/2016\/09\/JHstaal-LOGO-600px.jpg\",\"contentUrl\":\"\/wp-content\/uploads\/2016\/09\/JHstaal-LOGO-600px.jpg\",\"width\":600,\"height\":160,\"caption\":\"JH St\u00e5lindustri A\/S\"},\"image\":{\"@id\":\"https:\/\/www.jhstaal.com\/#\/schema\/logo\/image\/\"}}]}<\/script>\n<!-- \/ Yoast SEO plugin. -->","yoast_head_json":{"title":"Rustfrie mikse tanker \u2013 JH St\u00e5lindustri A\/S","description":"Rustfrie mikse tanker v\u00e5re er en stabil h\u00f8yhastighets mikse tank, som er optimal for \u00e5 blande et t\u00f8rt produkt med et flytende produkt med et integrert knivsystem.","robots":{"index":"index","follow":"follow","max-snippet":"max-snippet:-1","max-image-preview":"max-image-preview:large","max-video-preview":"max-video-preview:-1"},"canonical":"https:\/\/jhstaal.dk\/nb\/produkter\/rustfrie-mikse-tanker\/","og_locale":"nb_NO","og_type":"article","og_title":"Rustfrie mikse tanker \u2013 JH St\u00e5lindustri A\/S","og_description":"Rustfrie mikse tanker v\u00e5re er en stabil h\u00f8yhastighets mikse tank, som er optimal for \u00e5 blande et t\u00f8rt produkt med et flytende produkt med et integrert knivsystem.","og_url":"https:\/\/jhstaal.dk\/nb\/produkter\/rustfrie-mikse-tanker\/","og_site_name":"JH St&aring;lindustri A\/S","article_modified_time":"2021-03-01T18:27:04+00:00","twitter_card":"summary_large_image","twitter_misc":{"Ansl. lesetid":"3 minutter"},"schema":{"@context":"https:\/\/schema.org","@graph":[{"@type":"WebPage","@id":"https:\/\/jhstaal.dk\/nb\/produkter\/rustfrie-mikse-tanker\/","url":"https:\/\/jhstaal.dk\/nb\/produkter\/rustfrie-mikse-tanker\/","name":"Rustfrie mikse tanker \u2013 JH St\u00e5lindustri A\/S","isPartOf":{"@id":"https:\/\/www.jhstaal.com\/#website"},"datePublished":"2020-12-10T10:21:49+00:00","dateModified":"2021-03-01T18:27:04+00:00","description":"Rustfrie mikse tanker v\u00e5re er en stabil h\u00f8yhastighets mikse tank, som er optimal for \u00e5 blande et t\u00f8rt produkt med et flytende produkt med et integrert knivsystem.","breadcrumb":{"@id":"https:\/\/jhstaal.dk\/nb\/produkter\/rustfrie-mikse-tanker\/#breadcrumb"},"inLanguage":"nb-NO","potentialAction":[{"@type":"ReadAction","target":["https:\/\/jhstaal.dk\/nb\/produkter\/rustfrie-mikse-tanker\/"]}]},{"@type":"BreadcrumbList","@id":"https:\/\/jhstaal.dk\/nb\/produkter\/rustfrie-mikse-tanker\/#breadcrumb","itemListElement":[{"@type":"ListItem","position":1,"name":"Hjem","item":"https:\/\/jhstaal.com\/nb\/"},{"@type":"ListItem","position":2,"name":"Produkter","item":"https:\/\/jhstaal.dk\/nb\/produkter\/"},{"@type":"ListItem","position":3,"name":"Rustfrie mikse tanker"}]},{"@type":"WebSite","@id":"https:\/\/www.jhstaal.com\/#website","url":"https:\/\/www.jhstaal.com\/","name":"JH St&aring;lindustri A\/S","description":"St&aring;ltanke","publisher":{"@id":"https:\/\/www.jhstaal.com\/#organization"},"potentialAction":[{"@type":"SearchAction","target":{"@type":"EntryPoint","urlTemplate":"https:\/\/www.jhstaal.com\/?s={search_term_string}"},"query-input":"required name=search_term_string"}],"inLanguage":"nb-NO"},{"@type":"Organization","@id":"https:\/\/www.jhstaal.com\/#organization","name":"JH St\u00e5lindustri A\/S","url":"https:\/\/www.jhstaal.com\/","logo":{"@type":"ImageObject","inLanguage":"nb-NO","@id":"https:\/\/www.jhstaal.com\/#\/schema\/logo\/image\/","url":"\/wp-content\/uploads\/2016\/09\/JHstaal-LOGO-600px.jpg","contentUrl":"\/wp-content\/uploads\/2016\/09\/JHstaal-LOGO-600px.jpg","width":600,"height":160,"caption":"JH St\u00e5lindustri A\/S"},"image":{"@id":"https:\/\/www.jhstaal.com\/#\/schema\/logo\/image\/"}}]}},"_links":{"self":[{"href":"https:\/\/jhstaal.dk\/nb\/wp-json\/wp\/v2\/pages\/4014"}],"collection":[{"href":"https:\/\/jhstaal.dk\/nb\/wp-json\/wp\/v2\/pages"}],"about":[{"href":"https:\/\/jhstaal.dk\/nb\/wp-json\/wp\/v2\/types\/page"}],"author":[{"embeddable":true,"href":"https:\/\/jhstaal.dk\/nb\/wp-json\/wp\/v2\/users\/10"}],"replies":[{"embeddable":true,"href":"https:\/\/jhstaal.dk\/nb\/wp-json\/wp\/v2\/comments?post=4014"}],"version-history":[{"count":3,"href":"https:\/\/jhstaal.dk\/nb\/wp-json\/wp\/v2\/pages\/4014\/revisions"}],"predecessor-version":[{"id":7101,"href":"https:\/\/jhstaal.dk\/nb\/wp-json\/wp\/v2\/pages\/4014\/revisions\/7101"}],"up":[{"embeddable":true,"href":"https:\/\/jhstaal.dk\/nb\/wp-json\/wp\/v2\/pages\/4204"}],"wp:attachment":[{"href":"https:\/\/jhstaal.dk\/nb\/wp-json\/wp\/v2\/media?parent=4014"}],"curies":[{"name":"wp","href":"https:\/\/api.w.org\/{rel}","templated":true}]}}