{"id":4105,"date":"2020-12-10T11:40:57","date_gmt":"2020-12-10T11:40:57","guid":{"rendered":"https:\/\/jhstaal.com\/bransjer\/vannverk\/"},"modified":"2021-03-01T18:34:13","modified_gmt":"2021-03-01T18:34:13","slug":"vannverk","status":"publish","type":"page","link":"https:\/\/jhstaal.dk\/nb\/bransjer\/vannverk\/","title":{"rendered":"Vannverk"},"content":{"rendered":"<div class=\"wpb-content-wrapper\"><p>[vc_row][vc_column][vc_single_image image=&raquo;3908&#8243; img_size=&raquo;full&raquo; alignment=&raquo;center&raquo;][\/vc_column][\/vc_row][vc_row][vc_column][vc_row_inner][vc_column_inner][vc_column_text]<\/p>\n<p>JH St\u00e5lindustri leverer mange forskjellige typer rustfrie tanker til vannverk. Blant annet produserer vi filtertanker, oksygeneringstanker, rentvannstanker og mykgj\u00f8rende s\u00f8yler. I tillegg har vi for st\u00f8rre vannverk ofte bygget sammenhengende systemer med store buffertanker som kan sikre kapasitet i perioder med st\u00f8rre toppbelastning. Vi kan derfor ta oss av alle oppgaver i rustfritt st\u00e5l, og dekke behovene til b\u00e5de store og sm\u00e5 vannverk.<\/p>\n<div class=\"gap\" style=\"line-height: 20px; height: 20px;\"><\/div>\n<h2><span lang=\"NO-BOK\">Filtertank i rustfritt st\u00e5l<\/span><\/h2>\n<div class=\"gap\" style=\"line-height: 20px; height: 20px;\"><\/div>\n<p>N\u00e5r vannet pumpes opp fra bakken og fylles i vannverkets r\u00e5vannsbassenger, kan det b\u00e5de lukte og smake d\u00e5rlig. Dette fordi vannet bl.a. har samlet hydrogensulfid, som vi naturlig vil filtrere vekk, og for dette brukes en filtertank. Filtertanker inneholder sand og grus, som har den funksjonen med \u00e5 filtrere ut jern- og manganoksidene fra grunnvannet som det kan ha tatt opp fra bakken.<\/p>\n<p>I dag bruker mange av Danmarks nesten 3000 vannverk filtertanker i galvanisert eller malt st\u00e5l, men i fremtiden vil vannverket m\u00e5tte oppfylle h\u00f8yere standarder, som for eksempel allerede gjelder meieri- og matindustrien. P\u00e5 den tiden vil filtertanker i rustfritt st\u00e5l v\u00e6re n\u00f8dvendig.<\/p>\n<div class=\"gap\" style=\"line-height: 20px; height: 20px;\"><\/div>\n<h2><span lang=\"NO-BOK\">Rentvannstanker i rustfritt st\u00e5l<\/span><\/h2>\n<div class=\"gap\" style=\"line-height: 20px; height: 20px;\"><\/div>\n<p>Rentvannstanker p\u00e5 vannverk er laget av forskjellige materialer, men hvis du velger en rustfri tank fra JH St\u00e5lindustri, vil vannverket ditt ha en fremtidssikker l\u00f8sning med mange fordeler sammenlignet med de tradisjonelle rentvannstankene i underjordisk betong.<\/p>\n<div class=\"gap\" style=\"line-height: 20px; height: 20px;\"><\/div>\n<p>Fordelene ved \u00e5 velge en rustfri tank fra JH St\u00e5lindustri inkluderer:<\/p>\n<ul>\n<li>Minimere risikoen for bakterievekst<\/li>\n<li>Vedlikeholdsfri<\/li>\n<li>Ingen avsetning<\/li>\n<\/ul>\n<div class=\"gap\" style=\"line-height: 20px; height: 20px;\"><\/div>\n<p>Rustfrie rentvannstanker er vanligvis plassert innend\u00f8rs p\u00e5 vannverket. Siden tankene kan v\u00e6re store, kan det i situasjoner v\u00e6re vanskelig \u00e5 installere dem prefabrikkerte innend\u00f8rs. Tankene kan selvf\u00f8lgelig installeres prefabrikkerte, men v\u00e5re sertifiserte sveisere har ogs\u00e5 lang erfaring med \u00e5 montere dem p\u00e5 stedet.<\/p>\n<div class=\"gap\" style=\"line-height: 20px; height: 20px;\"><\/div>\n<h2><span lang=\"NO-BOK\">Oppmykningskolonnene: La JH St\u00e5lindustri forbedre vannkvaliteten<\/span><\/h2>\n<div class=\"gap\" style=\"line-height: 20px; height: 20px;\"><\/div>\n<p>I mange deler av Danmark er drikkevannet v\u00e5rt hardt eller kalkholdig. For den enkelte husstand betyr dette i praksis at kalken legger seg p\u00e5 r\u00f8r og i husholdningsapparater som tilbeh\u00f8r, vaskemaskiner og oppvaskmaskiner. Derfor hvitkalker kraner, vannet smaker ikke s\u00e5 godt og t\u00f8yet blir ikke s\u00e5 mykt, noe som f\u00e5r husholdningene til \u00e5 kreve mykere vann. Vannverk i omr\u00e5der med hardt vann har derfor begynt \u00e5 planlegge mykning av vannet, og det er noen f\u00e5 vannverk som allerede har etablert mykning med mykgj\u00f8rende s\u00f8yler.<\/p>\n<p>For \u00e5 mykne vannet implementeres mykekolonner (ogs\u00e5 kalt pelletreaktorer) ved vannverket. Med mykgj\u00f8rende s\u00f8yler fra JH St\u00e5lindustri blir kalk, jern og manganinnhold fjernet fra vannet f\u00f8r det n\u00e5r filtertankene med sand og grus. Oppmykningskolonnene gj\u00f8r at resten av prosessene ikke belastes i samme grad som f\u00f8r, noe som vil redusere vedlikeholdet av andre tanker i anlegget.<\/p>\n<p>Studier utf\u00f8rt av DTU i samarbeid med HOFOR A \/ S viser at oppmykningskolonnene reduserer jern- og mangankonsentrasjonen med 89-99%, og derfor inneholder belegget p\u00e5 filtersand i de p\u00e5f\u00f8lgende filtertankene veldig lite jern og mangan.<\/p>\n<div class=\"gap\" style=\"line-height: 20px; height: 20px;\"><\/div>\n<h2>JH St\u00e5lindustri har mange \u00e5rs erfaring med rustfrie tanker til vannverk<\/h2>\n<div class=\"gap\" style=\"line-height: 20px; height: 20px;\"><\/div>\n<p>Hos JH St\u00e5lindustri har vi mer enn 30 \u00e5r i bransjen og leverer, i tillegg til v\u00e5re tanker, kompetanse og kunnskap. Vi har mange \u00e5rs erfaring spesielt med vannverk, s\u00e5 n\u00e5r du velger oss f\u00e5r du et toppkvalitetsprodukt og en partner som alltid strever etter den beste l\u00f8sningen for den enkelte kunde.<\/p>\n<p>Hos JH St\u00e5lindustri produserer vi rustfrie tanker i henhold til v\u00e5re kunders kravspesifikasjoner. Vi pr\u00f8ver \u00e5 sikre at alle standarder blir oppfylt og at kundene v\u00e5re f\u00e5r en tank av h\u00f8yeste kvalitet.<\/p>\n<p>Derfor kan kundene v\u00e5re forvente:<\/p>\n<ul>\n<li>En stor innsats for \u00e5 sikre at de forst\u00e5r alle tekniske detaljer om produktet. Vi bruker blant annet 3D-tegninger for \u00e5 skape denne forst\u00e5elsen<\/li>\n<li>Dokumentasjon av produksjonsprosessen. Inkludert materiale og sveisesertifikater, overflater, tester og mye mer slik at tanken er godkjent for drikkevann.<\/li>\n<\/ul>\n<p>[\/vc_column_text][\/vc_column_inner][\/vc_row_inner][\/vc_column][\/vc_row][vc_row][vc_column]<style type=\"text\/css\" data-type=\"the7_shortcodes-inline-css\">#default-btn-d8c5237c5fe76120b0f5003cd8542aa5 {\n  border-radius: 5px;\n  font-size: 18px;\n  line-height: 20px;\n}\n.btn-shadow#default-btn-d8c5237c5fe76120b0f5003cd8542aa5 {\n  box-shadow: 0 1px 6px rgba(0,0,0,0.12);\n  transition: box-shadow 0.2s ease-out, opacity 0.45s;\n}\n.btn-shadow#default-btn-d8c5237c5fe76120b0f5003cd8542aa5:hover {\n  box-shadow: 0 5px 11px 0 rgba(0,0,0,0.18), 0 4px 15px 0 rgba(0,0,0,0.15);\n}\n.btn-flat#default-btn-d8c5237c5fe76120b0f5003cd8542aa5 {\n  box-shadow: none;\n}\n.btn-flat#default-btn-d8c5237c5fe76120b0f5003cd8542aa5:hover {\n  box-shadow: none;\n}\n#default-btn-d8c5237c5fe76120b0f5003cd8542aa5.ico-right-side > i {\n  margin-right: 0px;\n  margin-left: 8px;\n}\n#default-btn-d8c5237c5fe76120b0f5003cd8542aa5 > i {\n  margin-right: 8px;\n  font-size: 25px;\n}\n#default-btn-d8c5237c5fe76120b0f5003cd8542aa5:not(:hover) {\n  border-width: 0px;\n  padding: 17px 24px 16px 24px;\n}\n#default-btn-d8c5237c5fe76120b0f5003cd8542aa5:hover {\n  border-width: 0px;\n  padding: 17px 24px 16px 24px;\n}\n#default-btn-d8c5237c5fe76120b0f5003cd8542aa5.ico-right-side > i {\n  margin-right: 0px;\n  margin-left: 8px;\n}\n#default-btn-d8c5237c5fe76120b0f5003cd8542aa5 > i {\n  margin-right: 8px;\n}\n<\/style><div class=\"btn-align-center\"><a href=\"https:\/\/jhstaal.com\/en\/datasheets\/\" class=\"default-btn-shortcode dt-btn link-hover-off btn-flat  vc_custom_1614268365676\" id=\"default-btn-d8c5237c5fe76120b0f5003cd8542aa5\" title=\"Datasheets\"><span>See our datasheets here<\/span><\/a><\/div>[vc_separator border_width=&raquo;3&#8243;]<div class=\"ult-spacer spacer-69d1013d322b9\" data-id=\"69d1013d322b9\" data-height=\"30\" data-height-mobile=\"30\" data-height-tab=\"30\" data-height-tab-portrait=\"30\" data-height-mobile-landscape=\"30\" style=\"clear:both;display:block;\"><\/div>[\/vc_column][\/vc_row][vc_row][vc_column]<div class=\"wf-container dt-gallery-container dt-photos-shortcode loading-effect-none iso-grid jg-container description-on-hover hover-style-two hover-fade content-align-centre\" data-padding=\"20px\" data-cur-page=\"1\" data-target-height=\"240px\"><div class=\"wf-cell\" data-post-id=\"6227\" data-date=\"2021-02-01T16:32:26+00:00\" data-name=\"JHStaal_2266_FilterTank\">\n<article class=\"post post-6227 attachment type-attachment status-inherit hentry no-img description-off\">\n\n\t<figure class=\"rollover-project links-hovers-disabled\">\n\t<a href=\"\/wp-content\/uploads\/2021\/02\/JHStaal_2266_FilterTank-scaled.jpg\" class=\"rollover rollover-zoom dt-pswp-item layzr-bg\" title=\"JHStaal_2266_FilterTank\" data-dt-img-description=\"\"  data-large_image_width=\"2560\" data-large_image_height = \"1441\" ><img fetchpriority=\"high\" decoding=\"async\" class=\"preload-me jgrid-lazy-load aspect\" src=\"data:image\/svg+xml,%3Csvg%20xmlns%3D&#39;http%3A%2F%2Fwww.w3.org%2F2000%2Fsvg&#39;%20viewBox%3D&#39;0%200%20554%20312&#39;%2F%3E\" data-src=\"\/wp-content\/uploads\/2021\/02\/JHStaal_2266_FilterTank-scaled-554x312.jpg\" data-srcset=\"\/wp-content\/uploads\/2021\/02\/JHStaal_2266_FilterTank-scaled-554x312.jpg 554w, \/wp-content\/uploads\/2021\/02\/JHStaal_2266_FilterTank-scaled-1108x624.jpg 1108w\" loading=\"eager\" style=\"--ratio: 554 \/ 312\" sizes=\"(max-width: 554px) 100vw, 554px\" alt=\"\" width=\"554\" height=\"312\"  \/><\/a>\t<\/figure>\n<\/article>\n\n<\/div><div class=\"wf-cell\" data-post-id=\"6232\" data-date=\"2021-02-01T16:32:32+00:00\" data-name=\"JHStaal_2266_WaterTank\">\n<article class=\"post post-6232 attachment type-attachment status-inherit hentry no-img description-off\">\n\n\t<figure class=\"rollover-project links-hovers-disabled\">\n\t<a href=\"\/wp-content\/uploads\/2021\/02\/JHStaal_2266_WaterTank-scaled.jpg\" class=\"rollover rollover-zoom dt-pswp-item layzr-bg\" title=\"JHStaal_2266_WaterTank\" data-dt-img-description=\"\"  data-large_image_width=\"2560\" data-large_image_height = \"1441\" ><img decoding=\"async\" class=\"preload-me jgrid-lazy-load aspect\" src=\"data:image\/svg+xml,%3Csvg%20xmlns%3D&#39;http%3A%2F%2Fwww.w3.org%2F2000%2Fsvg&#39;%20viewBox%3D&#39;0%200%20554%20312&#39;%2F%3E\" data-src=\"\/wp-content\/uploads\/2021\/02\/JHStaal_2266_WaterTank-scaled-554x312.jpg\" data-srcset=\"\/wp-content\/uploads\/2021\/02\/JHStaal_2266_WaterTank-scaled-554x312.jpg 554w, \/wp-content\/uploads\/2021\/02\/JHStaal_2266_WaterTank-scaled-1108x624.jpg 1108w\" loading=\"eager\" style=\"--ratio: 554 \/ 312\" sizes=\"(max-width: 554px) 100vw, 554px\" alt=\"\" width=\"554\" height=\"312\"  \/><\/a>\t<\/figure>\n<\/article>\n\n<\/div><div class=\"wf-cell\" data-post-id=\"6237\" data-date=\"2021-02-01T16:32:38+00:00\" data-name=\"JHStaal_2516_Vandtank\">\n<article class=\"post post-6237 attachment type-attachment status-inherit hentry no-img description-off\">\n\n\t<figure class=\"rollover-project links-hovers-disabled\">\n\t<a href=\"\/wp-content\/uploads\/2021\/02\/JHStaal_2516_Vandtank-scaled.jpg\" class=\"rollover rollover-zoom dt-pswp-item layzr-bg\" title=\"JHStaal_2516_Vandtank\" data-dt-img-description=\"\"  data-large_image_width=\"2560\" data-large_image_height = \"1920\" ><img decoding=\"async\" class=\"preload-me jgrid-lazy-load aspect\" src=\"data:image\/svg+xml,%3Csvg%20xmlns%3D&#39;http%3A%2F%2Fwww.w3.org%2F2000%2Fsvg&#39;%20viewBox%3D&#39;0%200%20554%20312&#39;%2F%3E\" data-src=\"\/wp-content\/uploads\/2021\/02\/JHStaal_2516_Vandtank-scaled-554x312.jpg\" data-srcset=\"\/wp-content\/uploads\/2021\/02\/JHStaal_2516_Vandtank-scaled-554x312.jpg 554w, \/wp-content\/uploads\/2021\/02\/JHStaal_2516_Vandtank-scaled-1108x624.jpg 1108w\" loading=\"eager\" style=\"--ratio: 554 \/ 312\" sizes=\"(max-width: 554px) 100vw, 554px\" alt=\"\" width=\"554\" height=\"312\"  \/><\/a>\t<\/figure>\n<\/article>\n\n<\/div><\/div>[\/vc_column][\/vc_row]<\/p>\n<\/div>","protected":false},"excerpt":{"rendered":"<p>[vc_row][vc_column][vc_single_image image=&raquo;3908&#8243; img_size=&raquo;full&raquo; alignment=&raquo;center&raquo;][\/vc_column][\/vc_row][vc_row][vc_column][vc_row_inner][vc_column_inner][vc_column_text] JH St\u00e5lindustri leverer mange forskjellige typer rustfrie tanker til vannverk. Blant annet produserer vi filtertanker, oksygeneringstanker, rentvannstanker og mykgj\u00f8rende s\u00f8yler. I tillegg har vi for st\u00f8rre vannverk ofte bygget sammenhengende systemer med store buffertanker som kan sikre kapasitet i perioder med st\u00f8rre toppbelastning. Vi kan derfor ta oss av alle oppgaver&hellip;<\/p>\n","protected":false},"author":10,"featured_media":0,"parent":4084,"menu_order":0,"comment_status":"closed","ping_status":"closed","template":"","meta":{"footnotes":""},"yoast_head":"<!-- This site is optimized with the Yoast SEO plugin v22.2 - https:\/\/yoast.com\/wordpress\/plugins\/seo\/ -->\n<title>Store tanker for vannverk - Les mer hos JH St\u00e5lindustri A\/S<\/title>\n<meta name=\"description\" content=\"JH St\u00e5lindustri produserer og leverer tanker til vannverk. Inkludert spesielle filtertanker, buffertanker og mykgj\u00f8rende s\u00f8yler. Kontakt JH St\u00e5lindustri\" \/>\n<meta name=\"robots\" content=\"index, follow, max-snippet:-1, max-image-preview:large, max-video-preview:-1\" \/>\n<link rel=\"canonical\" href=\"https:\/\/jhstaal.dk\/nb\/bransjer\/vannverk\/\" \/>\n<meta property=\"og:locale\" content=\"nb_NO\" \/>\n<meta property=\"og:type\" content=\"article\" \/>\n<meta property=\"og:title\" content=\"Store tanker for vannverk - Les mer hos JH St\u00e5lindustri A\/S\" \/>\n<meta property=\"og:description\" content=\"JH St\u00e5lindustri produserer og leverer tanker til vannverk. Inkludert spesielle filtertanker, buffertanker og mykgj\u00f8rende s\u00f8yler. Kontakt JH St\u00e5lindustri\" \/>\n<meta property=\"og:url\" content=\"https:\/\/jhstaal.dk\/nb\/bransjer\/vannverk\/\" \/>\n<meta property=\"og:site_name\" content=\"JH St&aring;lindustri A\/S\" \/>\n<meta property=\"article:modified_time\" content=\"2021-03-01T18:34:13+00:00\" \/>\n<meta name=\"twitter:card\" content=\"summary_large_image\" \/>\n<meta name=\"twitter:label1\" content=\"Ansl. lesetid\" \/>\n\t<meta name=\"twitter:data1\" content=\"3 minutter\" \/>\n<script type=\"application\/ld+json\" class=\"yoast-schema-graph\">{\"@context\":\"https:\/\/schema.org\",\"@graph\":[{\"@type\":\"WebPage\",\"@id\":\"https:\/\/jhstaal.dk\/nb\/bransjer\/vannverk\/\",\"url\":\"https:\/\/jhstaal.dk\/nb\/bransjer\/vannverk\/\",\"name\":\"Store tanker for vannverk - Les mer hos JH St\u00e5lindustri A\/S\",\"isPartOf\":{\"@id\":\"https:\/\/jhstaal.dk\/nb\/#website\"},\"datePublished\":\"2020-12-10T11:40:57+00:00\",\"dateModified\":\"2021-03-01T18:34:13+00:00\",\"description\":\"JH St\u00e5lindustri produserer og leverer tanker til vannverk. Inkludert spesielle filtertanker, buffertanker og mykgj\u00f8rende s\u00f8yler. Kontakt JH St\u00e5lindustri\",\"breadcrumb\":{\"@id\":\"https:\/\/jhstaal.dk\/nb\/bransjer\/vannverk\/#breadcrumb\"},\"inLanguage\":\"nb-NO\",\"potentialAction\":[{\"@type\":\"ReadAction\",\"target\":[\"https:\/\/jhstaal.dk\/nb\/bransjer\/vannverk\/\"]}]},{\"@type\":\"BreadcrumbList\",\"@id\":\"https:\/\/jhstaal.dk\/nb\/bransjer\/vannverk\/#breadcrumb\",\"itemListElement\":[{\"@type\":\"ListItem\",\"position\":1,\"name\":\"Hjem\",\"item\":\"https:\/\/jhstaal.dk\/nb\/\"},{\"@type\":\"ListItem\",\"position\":2,\"name\":\"Bransjer\",\"item\":\"https:\/\/jhstaal.dk\/nb\/bransjer\/\"},{\"@type\":\"ListItem\",\"position\":3,\"name\":\"Vannverk\"}]},{\"@type\":\"WebSite\",\"@id\":\"https:\/\/jhstaal.dk\/nb\/#website\",\"url\":\"https:\/\/jhstaal.dk\/nb\/\",\"name\":\"JH St&aring;lindustri A\/S\",\"description\":\"St&aring;ltanke\",\"publisher\":{\"@id\":\"https:\/\/jhstaal.dk\/nb\/#organization\"},\"potentialAction\":[{\"@type\":\"SearchAction\",\"target\":{\"@type\":\"EntryPoint\",\"urlTemplate\":\"https:\/\/jhstaal.dk\/nb\/?s={search_term_string}\"},\"query-input\":\"required name=search_term_string\"}],\"inLanguage\":\"nb-NO\"},{\"@type\":\"Organization\",\"@id\":\"https:\/\/jhstaal.dk\/nb\/#organization\",\"name\":\"JH St\u00e5lindustri A\/S\",\"url\":\"https:\/\/jhstaal.dk\/nb\/\",\"logo\":{\"@type\":\"ImageObject\",\"inLanguage\":\"nb-NO\",\"@id\":\"https:\/\/jhstaal.dk\/nb\/#\/schema\/logo\/image\/\",\"url\":\"\/wp-content\/uploads\/2016\/09\/JHstaal-LOGO-600px.jpg\",\"contentUrl\":\"\/wp-content\/uploads\/2016\/09\/JHstaal-LOGO-600px.jpg\",\"width\":600,\"height\":160,\"caption\":\"JH St\u00e5lindustri A\/S\"},\"image\":{\"@id\":\"https:\/\/jhstaal.dk\/nb\/#\/schema\/logo\/image\/\"}}]}<\/script>\n<!-- \/ Yoast SEO plugin. -->","yoast_head_json":{"title":"Store tanker for vannverk - Les mer hos JH St\u00e5lindustri A\/S","description":"JH St\u00e5lindustri produserer og leverer tanker til vannverk. Inkludert spesielle filtertanker, buffertanker og mykgj\u00f8rende s\u00f8yler. Kontakt JH St\u00e5lindustri","robots":{"index":"index","follow":"follow","max-snippet":"max-snippet:-1","max-image-preview":"max-image-preview:large","max-video-preview":"max-video-preview:-1"},"canonical":"https:\/\/jhstaal.dk\/nb\/bransjer\/vannverk\/","og_locale":"nb_NO","og_type":"article","og_title":"Store tanker for vannverk - Les mer hos JH St\u00e5lindustri A\/S","og_description":"JH St\u00e5lindustri produserer og leverer tanker til vannverk. Inkludert spesielle filtertanker, buffertanker og mykgj\u00f8rende s\u00f8yler. Kontakt JH St\u00e5lindustri","og_url":"https:\/\/jhstaal.dk\/nb\/bransjer\/vannverk\/","og_site_name":"JH St&aring;lindustri A\/S","article_modified_time":"2021-03-01T18:34:13+00:00","twitter_card":"summary_large_image","twitter_misc":{"Ansl. lesetid":"3 minutter"},"schema":{"@context":"https:\/\/schema.org","@graph":[{"@type":"WebPage","@id":"https:\/\/jhstaal.dk\/nb\/bransjer\/vannverk\/","url":"https:\/\/jhstaal.dk\/nb\/bransjer\/vannverk\/","name":"Store tanker for vannverk - Les mer hos JH St\u00e5lindustri A\/S","isPartOf":{"@id":"https:\/\/jhstaal.dk\/nb\/#website"},"datePublished":"2020-12-10T11:40:57+00:00","dateModified":"2021-03-01T18:34:13+00:00","description":"JH St\u00e5lindustri produserer og leverer tanker til vannverk. Inkludert spesielle filtertanker, buffertanker og mykgj\u00f8rende s\u00f8yler. Kontakt JH St\u00e5lindustri","breadcrumb":{"@id":"https:\/\/jhstaal.dk\/nb\/bransjer\/vannverk\/#breadcrumb"},"inLanguage":"nb-NO","potentialAction":[{"@type":"ReadAction","target":["https:\/\/jhstaal.dk\/nb\/bransjer\/vannverk\/"]}]},{"@type":"BreadcrumbList","@id":"https:\/\/jhstaal.dk\/nb\/bransjer\/vannverk\/#breadcrumb","itemListElement":[{"@type":"ListItem","position":1,"name":"Hjem","item":"https:\/\/jhstaal.dk\/nb\/"},{"@type":"ListItem","position":2,"name":"Bransjer","item":"https:\/\/jhstaal.dk\/nb\/bransjer\/"},{"@type":"ListItem","position":3,"name":"Vannverk"}]},{"@type":"WebSite","@id":"https:\/\/jhstaal.dk\/nb\/#website","url":"https:\/\/jhstaal.dk\/nb\/","name":"JH St&aring;lindustri A\/S","description":"St&aring;ltanke","publisher":{"@id":"https:\/\/jhstaal.dk\/nb\/#organization"},"potentialAction":[{"@type":"SearchAction","target":{"@type":"EntryPoint","urlTemplate":"https:\/\/jhstaal.dk\/nb\/?s={search_term_string}"},"query-input":"required name=search_term_string"}],"inLanguage":"nb-NO"},{"@type":"Organization","@id":"https:\/\/jhstaal.dk\/nb\/#organization","name":"JH St\u00e5lindustri A\/S","url":"https:\/\/jhstaal.dk\/nb\/","logo":{"@type":"ImageObject","inLanguage":"nb-NO","@id":"https:\/\/jhstaal.dk\/nb\/#\/schema\/logo\/image\/","url":"\/wp-content\/uploads\/2016\/09\/JHstaal-LOGO-600px.jpg","contentUrl":"\/wp-content\/uploads\/2016\/09\/JHstaal-LOGO-600px.jpg","width":600,"height":160,"caption":"JH St\u00e5lindustri A\/S"},"image":{"@id":"https:\/\/jhstaal.dk\/nb\/#\/schema\/logo\/image\/"}}]}},"_links":{"self":[{"href":"https:\/\/jhstaal.dk\/nb\/wp-json\/wp\/v2\/pages\/4105"}],"collection":[{"href":"https:\/\/jhstaal.dk\/nb\/wp-json\/wp\/v2\/pages"}],"about":[{"href":"https:\/\/jhstaal.dk\/nb\/wp-json\/wp\/v2\/types\/page"}],"author":[{"embeddable":true,"href":"https:\/\/jhstaal.dk\/nb\/wp-json\/wp\/v2\/users\/10"}],"replies":[{"embeddable":true,"href":"https:\/\/jhstaal.dk\/nb\/wp-json\/wp\/v2\/comments?post=4105"}],"version-history":[{"count":3,"href":"https:\/\/jhstaal.dk\/nb\/wp-json\/wp\/v2\/pages\/4105\/revisions"}],"predecessor-version":[{"id":7114,"href":"https:\/\/jhstaal.dk\/nb\/wp-json\/wp\/v2\/pages\/4105\/revisions\/7114"}],"up":[{"embeddable":true,"href":"https:\/\/jhstaal.dk\/nb\/wp-json\/wp\/v2\/pages\/4084"}],"wp:attachment":[{"href":"https:\/\/jhstaal.dk\/nb\/wp-json\/wp\/v2\/media?parent=4105"}],"curies":[{"name":"wp","href":"https:\/\/api.w.org\/{rel}","templated":true}]}}