{"id":4115,"date":"2020-12-10T11:50:08","date_gmt":"2020-12-10T11:50:08","guid":{"rendered":"https:\/\/jhstaal.com\/moet-oss\/"},"modified":"2020-12-14T13:56:06","modified_gmt":"2020-12-14T13:56:06","slug":"moet-oss","status":"publish","type":"page","link":"https:\/\/jhstaal.dk\/nb\/moet-oss\/","title":{"rendered":"M\u00f8t oss"},"content":{"rendered":"<div class=\"wpb-content-wrapper\"><p>[vc_row css=&raquo;.vc_custom_1478181122051{margin-bottom: -35px !important;}&raquo;][vc_column][vc_column_text css=&raquo;.vc_custom_1475473100989{margin-bottom: -15px !important;}&raquo;]<\/p>\n<h1 style=\"text-align: center;\">M\u00f8t oss<\/h1>\n<p>[\/vc_column_text][\/vc_column][\/vc_row][vc_row type=&raquo;vc_default&raquo; full_width=&raquo;stretch_row&raquo; bg_type=&raquo;bg_color&raquo;][vc_column][vc_column_text]JH St\u00e5lindustri A\/S har siden 1990 v\u00e6rt en kompetent og kvalitetsbevisst leverand\u00f8r av rustfrie tanker. Vi har en stolt tradisjon innen produksjon av prosesstanker, trykktanker og silotanker i rustfritt st\u00e5l. St\u00f8rrelsene p\u00e5 v\u00e5re leveranser varierer fra containere p\u00e5 10 liter og helt opp til 200 000 liter silotanker. I tillegg har vi gjennom \u00e5rene ogs\u00e5 forbedret v\u00e5re ferdigheter innen prosessutstyr som varmevekslere, CIP-l\u00f8sninger og r\u00f8reverker som kan inng\u00e5 som en del av den ferdige tanken. Derfor betrakter vi oss selv som spesialister i levering av komplett l\u00f8sning, der vi er ansvarlige for alt fra r\u00e5dgivning til beregning og produksjon av et komplett tilpasset prosessanlegg. Vi leverer til alle bransjer, men v\u00e5re kunder er hovedsakelig representert i farmas\u00f8ytisk industri, meieri, n\u00e6ringsmiddelindustri, kjemisk industri, fiskeindustri og vannverk.[\/vc_column_text][\/vc_column][\/vc_row][vc_row type=&raquo;vc_default&raquo; full_width=&raquo;stretch_row&raquo; gap=&raquo;20&#8243; bg_type=&raquo;bg_color&raquo; bg_color_value=&raquo;#f9f9f9&#8243;][vc_column width=&raquo;1\/2&#8243;][vc_column_text]<\/p>\n<h2><span lang=\"NO-BOK\">Godt h\u00e5ndverk<\/span><\/h2>\n<div class=\"gap\" style=\"line-height: 20px; height: 20px;\"><\/div>\n<p>Produksjon av rustfrie tanker er et h\u00e5ndverk hvor oppmerksomhet p\u00e5 detaljer er av stor betydning for det ferdige resultatet. JH St\u00e5lindustri er en garantist for h\u00e5ndverkskvaliteten, som sikres gjennom godt trente, sertifiserte og erfarne medarbeidere. I tillegg har vi stort fokus p\u00e5 etterutdanning og har kontinuerlig flere l\u00e6rlinger i oppl\u00e6ring. Fagkunnskap og ekspertise er v\u00e5re varemerker &#8211; fra den f\u00f8rste dialogen over 3D-visualiseringer, beregninger, dimensjonering og teknisk dokumentasjon til prosjektledelse og h\u00e5ndverk. P\u00e5 alle niv\u00e5er jobber vi med oppmerksomhet p\u00e5 detaljene som er avgj\u00f8rende for et sluttprodukt av h\u00f8yeste kvalitet.<\/p>\n<div class=\"gap\" style=\"line-height: 20px; height: 20px;\"><\/div>\n<h2><span lang=\"NO-BOK\">Eksperter i rustfritt st\u00e5l<\/span><\/h2>\n<div class=\"gap\" style=\"line-height: 20px; height: 20px;\"><\/div>\n<p>Rustfritt st\u00e5l brukes ofte til produkter og prosesser der rengj\u00f8ring og korrosjon er kritisk. I motsetning til hva navnet indikerer, er ikke rustfritt st\u00e5l alltid rustfritt, da det, i kombinasjon med spesielt klor- eller klorl\u00f8sninger, kan spaltes p\u00e5 veldig kort tid. Teknisk assistanse vil v\u00e6re avgj\u00f8rende her for \u00e5 velge riktig legering. Derfor er menneskelige ressurser et naturlig samlingspunkt hos JH St\u00e5lindustri, der hver fase av et prosjekt st\u00f8ttes av kompetente ansatte som sammen s\u00f8rger for riktig l\u00f8sning for kunden.<\/p>\n<p>[\/vc_column_text][\/vc_column][vc_column width=&raquo;1\/2&#8243;][vc_single_image image=&raquo;4120&#8243; img_size=&raquo;full&raquo; alignment=&raquo;center&raquo; css_animation=&raquo;fadeIn&raquo;][\/vc_column][\/vc_row][vc_row type=&raquo;vc_default&raquo; full_width=&raquo;stretch_row&raquo; bg_type=&raquo;bg_color&raquo; css=&raquo;.vc_custom_1567534502158{margin-right: 4px !important;margin-left: 4px !important;}&raquo; bg_color_value=&raquo;#303030&#8243;][\/vc_row][vc_column][\/vc_column][vc_row_inner css=&raquo;.vc_custom_1504639140776{margin-bottom: 20px !important;}&raquo;][\/vc_row_inner][vc_row type=&raquo;vc_default&raquo; full_width=&raquo;stretch_row&raquo; equal_height=&raquo;yes&raquo; bg_type=&raquo;bg_color&raquo; css=&raquo;.vc_custom_1567534493288{margin-right: 4px !important;margin-bottom: -5px !important;margin-left: 4px !important;}&raquo; bg_color_value=&raquo;#303030&#8243;][vc_column][vc_row_inner css=&raquo;.vc_custom_1504639140776{margin-bottom: 20px !important;}&raquo;][vc_column_inner css=&raquo;.vc_custom_1504639209951{margin-bottom: 10px !important;}&raquo;][vc_column_text]<\/p>\n<p>&nbsp;<\/p>\n<h2 style=\"text-align: center;\"><span style=\"color: #f2f2f2;\">Se hvilke produkter vi tilbyr<\/span><\/h2>\n<p>[\/vc_column_text][\/vc_column_inner][\/vc_row_inner][vc_row_inner equal_height=&raquo;yes&raquo; content_placement=&raquo;top&raquo; gap=&raquo;15&#8243;][vc_column_inner width=&raquo;1\/3&#8243;][vc_single_image image=&raquo;2385&#8243; img_size=&raquo;600&#215;333&#8243; alignment=&raquo;center&raquo; style=&raquo;vc_box_border&raquo; border_color=&raquo;black&raquo; onclick=&raquo;custom_link&raquo; css_animation=&raquo;none&raquo; link=&raquo;\/nb\/produkter\/rustfrie-prosesstanker\/&raquo; css=&raquo;.vc_custom_1607940457198{margin-top: -35px !important;margin-bottom: 10px !important;}&raquo;]<span id=\"creative-link-wrap-4372\" class=\"ult_main_cl ult-adjust-bottom-margin  \" >\n\t \t\t\t<span class=\"ult_cl_link_6  ult_crlink\" >\n\t\t\t\t\t<a  data-ultimate-target='#creative-link-wrap-4372 .ult_colorlink'  data-responsive-json-new='{\"font-size\":\"\",\"line-height\":\"\"}'  href=\"\/nb\/produkter\/rustfrie-prosesstanker\/\" title=\"Les mer om processtanker i rustfrit st\u00e5l\"  class=\"ult_colorlink ult-responsive  vc_custom_1607940463921\" style=\"font-weight:normal;color:#afafaf; \"  data-textcolor=\"#f2f2f2\" data-texthover=\"#afafaf\"data-style=\"Style_6\">\n\t\t\t\t\t\t\n\t\t\t\t\t\t<span data-hover=\"Rustfrie prosesstanker\" style=\"color:#f2f2f2;;;\" class=\"ult_btn10_span   \">Rustfrie prosesstanker<\/span>\n\t\t\t\t\t\t<span class=\"ult_btn6_link_top \" data-color=\"#afafaf\">\u2022<\/span>\n\t\t\t\t\t<\/a>\n\t\t\t\t<\/span>\n\t\t\t<\/span>[\/vc_column_inner][vc_column_inner width=&raquo;1\/3&#8243;][vc_single_image image=&raquo;5325&#8243; img_size=&raquo;600&#215;333&#8243; alignment=&raquo;center&raquo; style=&raquo;vc_box_border&raquo; border_color=&raquo;black&raquo; onclick=&raquo;custom_link&raquo; css_animation=&raquo;none&raquo; link=&raquo;\/nb\/produkter\/rustfrie-trykktanker\/&raquo; css=&raquo;.vc_custom_1607940474252{margin-top: -35px !important;margin-bottom: 10px !important;}&raquo;]<span id=\"creative-link-wrap-7996\" class=\"ult_main_cl ult-adjust-bottom-margin  \" >\n\t \t\t\t<span class=\"ult_cl_link_6  ult_crlink\" >\n\t\t\t\t\t<a  data-ultimate-target='#creative-link-wrap-7996 .ult_colorlink'  data-responsive-json-new='{\"font-size\":\"\",\"line-height\":\"\"}'  href=\"\/nb\/produkter\/rustfrie-trykktanker\/\" title=\"Les mer om rustfrie trykktanker\"  class=\"ult_colorlink ult-responsive \" style=\"font-weight:normal;color:#afafaf; \"  data-textcolor=\"#f2f2f2\" data-texthover=\"#afafaf\"data-style=\"Style_6\">\n\t\t\t\t\t\t\n\t\t\t\t\t\t<span data-hover=\"Rustfrie trykktanker\" style=\"color:#f2f2f2;;;\" class=\"ult_btn10_span   \">Rustfrie trykktanker<\/span>\n\t\t\t\t\t\t<span class=\"ult_btn6_link_top \" data-color=\"#afafaf\">\u2022<\/span>\n\t\t\t\t\t<\/a>\n\t\t\t\t<\/span>\n\t\t\t<\/span>[\/vc_column_inner][vc_column_inner width=&raquo;1\/3&#8243;][vc_single_image image=&raquo;5362&#8243; img_size=&raquo;600&#215;333&#8243; alignment=&raquo;center&raquo; style=&raquo;vc_box_border&raquo; border_color=&raquo;black&raquo; onclick=&raquo;custom_link&raquo; css_animation=&raquo;none&raquo; link=&raquo;\/nb\/produkter\/rustfrie-silotanker\/&raquo; css=&raquo;.vc_custom_1607940487429{margin-top: -35px !important;margin-bottom: 10px !important;}&raquo;]<span id=\"creative-link-wrap-8261\" class=\"ult_main_cl ult-adjust-bottom-margin  \" >\n\t \t\t\t<span class=\"ult_cl_link_6  ult_crlink\" >\n\t\t\t\t\t<a  data-ultimate-target='#creative-link-wrap-8261 .ult_colorlink'  data-responsive-json-new='{\"font-size\":\"\",\"line-height\":\"\"}'  href=\"\/nb\/produkter\/rustfrie-silotanker\/\" title=\"Les mer om rustfrie silotanker\"  class=\"ult_colorlink ult-responsive \" style=\"font-weight:normal;color:#afafaf; \"  data-textcolor=\"#f2f2f2\" data-texthover=\"#afafaf\"data-style=\"Style_6\">\n\t\t\t\t\t\t\n\t\t\t\t\t\t<span data-hover=\"Rustfrie silotanker\" style=\"color:#f2f2f2;;;\" class=\"ult_btn10_span   \">Rustfrie silotanker<\/span>\n\t\t\t\t\t\t<span class=\"ult_btn6_link_top \" data-color=\"#afafaf\">\u2022<\/span>\n\t\t\t\t\t<\/a>\n\t\t\t\t<\/span>\n\t\t\t<\/span>[\/vc_column_inner][\/vc_row_inner][vc_row_inner equal_height=&raquo;yes&raquo; content_placement=&raquo;top&raquo; gap=&raquo;15&#8243;][vc_column_inner width=&raquo;1\/3&#8243;][vc_single_image image=&raquo;5596&#8243; img_size=&raquo;full&raquo; alignment=&raquo;center&raquo; style=&raquo;vc_box_border&raquo; border_color=&raquo;black&raquo; onclick=&raquo;custom_link&raquo; css_animation=&raquo;none&raquo; link=&raquo;\/nb\/produkter\/rustfrie-mobile-tanker\/&raquo; css=&raquo;.vc_custom_1607940501634{margin-top: -35px !important;margin-bottom: 10px !important;}&raquo;]<span id=\"creative-link-wrap-9377\" class=\"ult_main_cl ult-adjust-bottom-margin  \" >\n\t \t\t\t<span class=\"ult_cl_link_6  ult_crlink\" >\n\t\t\t\t\t<a  data-ultimate-target='#creative-link-wrap-9377 .ult_colorlink'  data-responsive-json-new='{\"font-size\":\"\",\"line-height\":\"\"}'  href=\"\/nb\/produkter\/rustfrie-mobile-tanker\/\" title=\"Les mer om rustfrie mobile tanker\"  class=\"ult_colorlink ult-responsive  vc_custom_1607940508082\" style=\"font-weight:normal;color:#afafaf; \"  data-textcolor=\"#f2f2f2\" data-texthover=\"#afafaf\"data-style=\"Style_6\">\n\t\t\t\t\t\t\n\t\t\t\t\t\t<span data-hover=\"Rustfrie mobile tanker\" style=\"color:#f2f2f2;;;\" class=\"ult_btn10_span   \">Rustfrie mobile tanker<\/span>\n\t\t\t\t\t\t<span class=\"ult_btn6_link_top \" data-color=\"#afafaf\">\u2022<\/span>\n\t\t\t\t\t<\/a>\n\t\t\t\t<\/span>\n\t\t\t<\/span>[\/vc_column_inner][vc_column_inner width=&raquo;1\/3&#8243;][vc_single_image image=&raquo;2395&#8243; img_size=&raquo;full&raquo; alignment=&raquo;center&raquo; style=&raquo;vc_box_border&raquo; border_color=&raquo;black&raquo; onclick=&raquo;custom_link&raquo; css_animation=&raquo;none&raquo; link=&raquo;\/nb\/produkter\/rustfrie-roereverk\/&raquo; css=&raquo;.vc_custom_1607940518185{margin-top: -35px !important;margin-bottom: 10px !important;}&raquo;]<span id=\"creative-link-wrap-7977\" class=\"ult_main_cl ult-adjust-bottom-margin  \" >\n\t \t\t\t<span class=\"ult_cl_link_6  ult_crlink\" >\n\t\t\t\t\t<a  data-ultimate-target='#creative-link-wrap-7977 .ult_colorlink'  data-responsive-json-new='{\"font-size\":\"\",\"line-height\":\"\"}'  href=\"\/nb\/produkter\/rustfrie-roereverk\/\" title=\"Les mer om rustfrie r\u00f8reverk\"  class=\"ult_colorlink ult-responsive  vc_custom_1607940524414\" style=\"font-weight:normal;color:#afafaf; \"  data-textcolor=\"#f2f2f2\" data-texthover=\"#afafaf\"data-style=\"Style_6\">\n\t\t\t\t\t\t\n\t\t\t\t\t\t<span data-hover=\"Rustfrie r\u00f8reverk\" style=\"color:#f2f2f2;;;\" class=\"ult_btn10_span   \">Rustfrie r\u00f8reverk<\/span>\n\t\t\t\t\t\t<span class=\"ult_btn6_link_top \" data-color=\"#afafaf\">\u2022<\/span>\n\t\t\t\t\t<\/a>\n\t\t\t\t<\/span>\n\t\t\t<\/span>[\/vc_column_inner][vc_column_inner width=&raquo;1\/3&#8243;][vc_single_image image=&raquo;2397&#8243; img_size=&raquo;full&raquo; alignment=&raquo;center&raquo; style=&raquo;vc_box_border&raquo; border_color=&raquo;black&raquo; onclick=&raquo;custom_link&raquo; css_animation=&raquo;none&raquo; link=&raquo;\/nb\/produkter\/rustfrie-mikse-tanker\/&raquo; css=&raquo;.vc_custom_1607940531106{margin-top: -35px !important;margin-bottom: 10px !important;background-color: #f9f9f9 !important;}&raquo;]<span id=\"creative-link-wrap-7047\" class=\"ult_main_cl ult-adjust-bottom-margin  \" >\n\t \t\t\t<span class=\"ult_cl_link_6  ult_crlink\" >\n\t\t\t\t\t<a  data-ultimate-target='#creative-link-wrap-7047 .ult_colorlink'  data-responsive-json-new='{\"font-size\":\"\",\"line-height\":\"\"}'  href=\"\/nb\/produkter\/rustfrie-mikse-tanker\/\" title=\"Les mere om rustfrie mikse tanker\"  class=\"ult_colorlink ult-responsive  vc_custom_1607940537371\" style=\"font-weight:normal;color:#afafaf; \"  data-textcolor=\"#f2f2f2\" data-texthover=\"#afafaf\"data-style=\"Style_6\">\n\t\t\t\t\t\t\n\t\t\t\t\t\t<span data-hover=\"Rustfrie mikse tanker\" style=\"color:#f2f2f2;;;\" class=\"ult_btn10_span   \">Rustfrie mikse tanker<\/span>\n\t\t\t\t\t\t<span class=\"ult_btn6_link_top \" data-color=\"#afafaf\">\u2022<\/span>\n\t\t\t\t\t<\/a>\n\t\t\t\t<\/span>\n\t\t\t<\/span>[\/vc_column_inner][\/vc_row_inner][vc_row_inner equal_height=&raquo;yes&raquo; content_placement=&raquo;top&raquo; gap=&raquo;15&#8243;][vc_column_inner width=&raquo;1\/3&#8243; css=&raquo;.vc_custom_1504638838341{margin-right: 0px !important;margin-left: 0px !important;}&raquo;][vc_single_image image=&raquo;5226&#8243; img_size=&raquo;full&raquo; alignment=&raquo;center&raquo; style=&raquo;vc_box_border&raquo; border_color=&raquo;black&raquo; onclick=&raquo;custom_link&raquo; css_animation=&raquo;none&raquo; link=&raquo;\/nb\/produkter\/rustfrie-buffertanker\/&raquo; css=&raquo;.vc_custom_1607940544540{margin-top: -35px !important;margin-bottom: 10px !important;}&raquo;]<span id=\"creative-link-wrap-5390\" class=\"ult_main_cl ult-adjust-bottom-margin  \" >\n\t \t\t\t<span class=\"ult_cl_link_6  ult_crlink\" >\n\t\t\t\t\t<a  data-ultimate-target='#creative-link-wrap-5390 .ult_colorlink'  data-responsive-json-new='{\"font-size\":\"\",\"line-height\":\"\"}'  href=\"\/nb\/produkter\/rustfrie-buffertanker\/\" title=\"Les mer om rustfrie buffertanker\"  class=\"ult_colorlink ult-responsive  vc_custom_1607940551367\" style=\"font-weight:normal;color:#afafaf; \"  data-textcolor=\"#f2f2f2\" data-texthover=\"#afafaf\"data-style=\"Style_6\">\n\t\t\t\t\t\t\n\t\t\t\t\t\t<span data-hover=\"Rustfrie buffertanker\" style=\"color:#f2f2f2;;;\" class=\"ult_btn10_span   \">Rustfrie buffertanker<\/span>\n\t\t\t\t\t\t<span class=\"ult_btn6_link_top \" data-color=\"#afafaf\">\u2022<\/span>\n\t\t\t\t\t<\/a>\n\t\t\t\t<\/span>\n\t\t\t<\/span>[\/vc_column_inner][vc_column_inner width=&raquo;1\/3&#8243;][vc_single_image image=&raquo;2403&#8243; img_size=&raquo;full&raquo; alignment=&raquo;center&raquo; style=&raquo;vc_box_border&raquo; border_color=&raquo;black&raquo; onclick=&raquo;custom_link&raquo; css_animation=&raquo;none&raquo; link=&raquo;\/nb\/produkter\/skrapevarmevekslere\/&raquo; css=&raquo;.vc_custom_1607940559660{margin-top: -35px !important;margin-bottom: 10px !important;}&raquo;]<span id=\"creative-link-wrap-6751\" class=\"ult_main_cl ult-adjust-bottom-margin  \" >\n\t \t\t\t<span class=\"ult_cl_link_6  ult_crlink\" >\n\t\t\t\t\t<a  data-ultimate-target='#creative-link-wrap-6751 .ult_colorlink'  data-responsive-json-new='{\"font-size\":\"\",\"line-height\":\"\"}'  href=\"\/nb\/produkter\/skrapevarmevekslere\/\" title=\"Les mer om skrapevarmevekslere\"  class=\"ult_colorlink ult-responsive  vc_custom_1607940566131\" style=\"font-weight:normal;color:#afafaf; \"  data-textcolor=\"#f2f2f2\" data-texthover=\"#afafaf\"data-style=\"Style_6\">\n\t\t\t\t\t\t\n\t\t\t\t\t\t<span data-hover=\"Skrapevarmevekslere\" style=\"color:#f2f2f2;;;\" class=\"ult_btn10_span   \">Skrapevarmevekslere<\/span>\n\t\t\t\t\t\t<span class=\"ult_btn6_link_top \" data-color=\"#afafaf\">\u2022<\/span>\n\t\t\t\t\t<\/a>\n\t\t\t\t<\/span>\n\t\t\t<\/span>[\/vc_column_inner][vc_column_inner width=&raquo;1\/3&#8243;][vc_single_image image=&raquo;2405&#8243; img_size=&raquo;full&raquo; alignment=&raquo;center&raquo; style=&raquo;vc_box_border&raquo; border_color=&raquo;black&raquo; onclick=&raquo;custom_link&raquo; css_animation=&raquo;none&raquo; link=&raquo;\/nb\/produkter\/process-moduler\/&raquo; css=&raquo;.vc_custom_1607940574877{margin-top: -35px !important;margin-bottom: 10px !important;}&raquo;]<span id=\"creative-link-wrap-5570\" class=\"ult_main_cl ult-adjust-bottom-margin  \" >\n\t \t\t\t<span class=\"ult_cl_link_6  ult_crlink\" >\n\t\t\t\t\t<a  data-ultimate-target='#creative-link-wrap-5570 .ult_colorlink'  data-responsive-json-new='{\"font-size\":\"\",\"line-height\":\"\"}'  href=\"\/nb\/produkter\/process-moduler\/\" title=\"Les mer om process moduler\"  class=\"ult_colorlink ult-responsive  vc_custom_1607940581984\" style=\"font-weight:normal;color:#afafaf; \"  data-textcolor=\"#f2f2f2\" data-texthover=\"#afafaf\"data-style=\"Style_6\">\n\t\t\t\t\t\t\n\t\t\t\t\t\t<span data-hover=\"Prosess moduler\" style=\"color:#f2f2f2;;;\" class=\"ult_btn10_span   \">Prosess moduler<\/span>\n\t\t\t\t\t\t<span class=\"ult_btn6_link_top \" data-color=\"#afafaf\">\u2022<\/span>\n\t\t\t\t\t<\/a>\n\t\t\t\t<\/span>\n\t\t\t<\/span>[\/vc_column_inner][\/vc_row_inner][\/vc_column][\/vc_row][vc_row type=&raquo;vc_default&raquo; full_width=&raquo;stretch_row&raquo; bg_type=&raquo;bg_color&raquo; css=&raquo;.vc_custom_1567534502158{margin-right: 4px !important;margin-left: 4px !important;}&raquo; bg_color_value=&raquo;#303030&#8243;][\/vc_row][vc_column][\/vc_column][vc_row_inner css=&raquo;.vc_custom_1504639140776{margin-bottom: 20px !important;}&raquo;][\/vc_row_inner][vc_column_inner css=&raquo;.vc_custom_1504639209951{margin-bottom: 10px !important;}&raquo;][\/vc_column_inner]<\/p>\n<\/div>","protected":false},"excerpt":{"rendered":"<p>[vc_row css=&raquo;.vc_custom_1478181122051{margin-bottom: -35px !important;}&raquo;][vc_column][vc_column_text css=&raquo;.vc_custom_1475473100989{margin-bottom: -15px !important;}&raquo;] M\u00f8t oss [\/vc_column_text][\/vc_column][\/vc_row][vc_row type=&raquo;vc_default&raquo; full_width=&raquo;stretch_row&raquo; bg_type=&raquo;bg_color&raquo;][vc_column][vc_column_text]JH St\u00e5lindustri A\/S har siden 1990 v\u00e6rt en kompetent og kvalitetsbevisst leverand\u00f8r av rustfrie tanker. Vi har en stolt tradisjon innen produksjon av prosesstanker, trykktanker og silotanker i rustfritt st\u00e5l. St\u00f8rrelsene p\u00e5 v\u00e5re leveranser varierer fra containere p\u00e5 10 liter og helt opp&hellip;<\/p>\n","protected":false},"author":10,"featured_media":0,"parent":0,"menu_order":0,"comment_status":"closed","ping_status":"closed","template":"","meta":{"footnotes":""},"yoast_head":"<!-- This site is optimized with the Yoast SEO plugin v22.2 - https:\/\/yoast.com\/wordpress\/plugins\/seo\/ -->\n<title>M\u00f8t oss - Sertifiserte smeder - JH St\u00e5lindustri A\/S<\/title>\n<meta name=\"description\" content=\"Hos JH St\u00e5lindustri A \/ S har vi produsert rustfrie st\u00e5ltanker til industri siden 1990. Vi er teknisk profesjonelle, kompetente og kvalitetsbevisste.\" \/>\n<meta name=\"robots\" content=\"index, follow, max-snippet:-1, max-image-preview:large, max-video-preview:-1\" \/>\n<link rel=\"canonical\" href=\"https:\/\/jhstaal.dk\/nb\/moet-oss\/\" \/>\n<meta property=\"og:locale\" content=\"nb_NO\" \/>\n<meta property=\"og:type\" content=\"article\" \/>\n<meta property=\"og:title\" content=\"M\u00f8t oss - Sertifiserte smeder - JH St\u00e5lindustri A\/S\" \/>\n<meta property=\"og:description\" content=\"Hos JH St\u00e5lindustri A \/ S har vi produsert rustfrie st\u00e5ltanker til industri siden 1990. Vi er teknisk profesjonelle, kompetente og kvalitetsbevisste.\" \/>\n<meta property=\"og:url\" content=\"https:\/\/jhstaal.dk\/nb\/moet-oss\/\" \/>\n<meta property=\"og:site_name\" content=\"JH St&aring;lindustri A\/S\" \/>\n<meta property=\"article:modified_time\" content=\"2020-12-14T13:56:06+00:00\" \/>\n<meta name=\"twitter:card\" content=\"summary_large_image\" \/>\n<meta name=\"twitter:label1\" content=\"Ansl. lesetid\" \/>\n\t<meta name=\"twitter:data1\" content=\"7 minutter\" \/>\n<script type=\"application\/ld+json\" class=\"yoast-schema-graph\">{\"@context\":\"https:\/\/schema.org\",\"@graph\":[{\"@type\":\"WebPage\",\"@id\":\"https:\/\/jhstaal.dk\/nb\/moet-oss\/\",\"url\":\"https:\/\/jhstaal.dk\/nb\/moet-oss\/\",\"name\":\"M\u00f8t oss - Sertifiserte smeder - JH St\u00e5lindustri A\/S\",\"isPartOf\":{\"@id\":\"https:\/\/www.jhstaal.com\/#website\"},\"datePublished\":\"2020-12-10T11:50:08+00:00\",\"dateModified\":\"2020-12-14T13:56:06+00:00\",\"description\":\"Hos JH St\u00e5lindustri A \/ S har vi produsert rustfrie st\u00e5ltanker til industri siden 1990. Vi er teknisk profesjonelle, kompetente og kvalitetsbevisste.\",\"breadcrumb\":{\"@id\":\"https:\/\/jhstaal.dk\/nb\/moet-oss\/#breadcrumb\"},\"inLanguage\":\"nb-NO\",\"potentialAction\":[{\"@type\":\"ReadAction\",\"target\":[\"https:\/\/jhstaal.dk\/nb\/moet-oss\/\"]}]},{\"@type\":\"BreadcrumbList\",\"@id\":\"https:\/\/jhstaal.dk\/nb\/moet-oss\/#breadcrumb\",\"itemListElement\":[{\"@type\":\"ListItem\",\"position\":1,\"name\":\"Hjem\",\"item\":\"https:\/\/jhstaal.dk\/nb\/\"},{\"@type\":\"ListItem\",\"position\":2,\"name\":\"M\u00f8t oss\"}]},{\"@type\":\"WebSite\",\"@id\":\"https:\/\/www.jhstaal.com\/#website\",\"url\":\"https:\/\/www.jhstaal.com\/\",\"name\":\"JH St&aring;lindustri A\/S\",\"description\":\"St&aring;ltanke\",\"publisher\":{\"@id\":\"https:\/\/www.jhstaal.com\/#organization\"},\"potentialAction\":[{\"@type\":\"SearchAction\",\"target\":{\"@type\":\"EntryPoint\",\"urlTemplate\":\"https:\/\/www.jhstaal.com\/?s={search_term_string}\"},\"query-input\":\"required name=search_term_string\"}],\"inLanguage\":\"nb-NO\"},{\"@type\":\"Organization\",\"@id\":\"https:\/\/www.jhstaal.com\/#organization\",\"name\":\"JH St\u00e5lindustri A\/S\",\"url\":\"https:\/\/www.jhstaal.com\/\",\"logo\":{\"@type\":\"ImageObject\",\"inLanguage\":\"nb-NO\",\"@id\":\"https:\/\/www.jhstaal.com\/#\/schema\/logo\/image\/\",\"url\":\"\/wp-content\/uploads\/2016\/09\/JHstaal-LOGO-600px.jpg\",\"contentUrl\":\"\/wp-content\/uploads\/2016\/09\/JHstaal-LOGO-600px.jpg\",\"width\":600,\"height\":160,\"caption\":\"JH St\u00e5lindustri A\/S\"},\"image\":{\"@id\":\"https:\/\/www.jhstaal.com\/#\/schema\/logo\/image\/\"}}]}<\/script>\n<!-- \/ Yoast SEO plugin. -->","yoast_head_json":{"title":"M\u00f8t oss - Sertifiserte smeder - JH St\u00e5lindustri A\/S","description":"Hos JH St\u00e5lindustri A \/ S har vi produsert rustfrie st\u00e5ltanker til industri siden 1990. Vi er teknisk profesjonelle, kompetente og kvalitetsbevisste.","robots":{"index":"index","follow":"follow","max-snippet":"max-snippet:-1","max-image-preview":"max-image-preview:large","max-video-preview":"max-video-preview:-1"},"canonical":"https:\/\/jhstaal.dk\/nb\/moet-oss\/","og_locale":"nb_NO","og_type":"article","og_title":"M\u00f8t oss - Sertifiserte smeder - JH St\u00e5lindustri A\/S","og_description":"Hos JH St\u00e5lindustri A \/ S har vi produsert rustfrie st\u00e5ltanker til industri siden 1990. Vi er teknisk profesjonelle, kompetente og kvalitetsbevisste.","og_url":"https:\/\/jhstaal.dk\/nb\/moet-oss\/","og_site_name":"JH St&aring;lindustri A\/S","article_modified_time":"2020-12-14T13:56:06+00:00","twitter_card":"summary_large_image","twitter_misc":{"Ansl. lesetid":"7 minutter"},"schema":{"@context":"https:\/\/schema.org","@graph":[{"@type":"WebPage","@id":"https:\/\/jhstaal.dk\/nb\/moet-oss\/","url":"https:\/\/jhstaal.dk\/nb\/moet-oss\/","name":"M\u00f8t oss - Sertifiserte smeder - JH St\u00e5lindustri A\/S","isPartOf":{"@id":"https:\/\/www.jhstaal.com\/#website"},"datePublished":"2020-12-10T11:50:08+00:00","dateModified":"2020-12-14T13:56:06+00:00","description":"Hos JH St\u00e5lindustri A \/ S har vi produsert rustfrie st\u00e5ltanker til industri siden 1990. Vi er teknisk profesjonelle, kompetente og kvalitetsbevisste.","breadcrumb":{"@id":"https:\/\/jhstaal.dk\/nb\/moet-oss\/#breadcrumb"},"inLanguage":"nb-NO","potentialAction":[{"@type":"ReadAction","target":["https:\/\/jhstaal.dk\/nb\/moet-oss\/"]}]},{"@type":"BreadcrumbList","@id":"https:\/\/jhstaal.dk\/nb\/moet-oss\/#breadcrumb","itemListElement":[{"@type":"ListItem","position":1,"name":"Hjem","item":"https:\/\/jhstaal.dk\/nb\/"},{"@type":"ListItem","position":2,"name":"M\u00f8t oss"}]},{"@type":"WebSite","@id":"https:\/\/www.jhstaal.com\/#website","url":"https:\/\/www.jhstaal.com\/","name":"JH St&aring;lindustri A\/S","description":"St&aring;ltanke","publisher":{"@id":"https:\/\/www.jhstaal.com\/#organization"},"potentialAction":[{"@type":"SearchAction","target":{"@type":"EntryPoint","urlTemplate":"https:\/\/www.jhstaal.com\/?s={search_term_string}"},"query-input":"required name=search_term_string"}],"inLanguage":"nb-NO"},{"@type":"Organization","@id":"https:\/\/www.jhstaal.com\/#organization","name":"JH St\u00e5lindustri A\/S","url":"https:\/\/www.jhstaal.com\/","logo":{"@type":"ImageObject","inLanguage":"nb-NO","@id":"https:\/\/www.jhstaal.com\/#\/schema\/logo\/image\/","url":"\/wp-content\/uploads\/2016\/09\/JHstaal-LOGO-600px.jpg","contentUrl":"\/wp-content\/uploads\/2016\/09\/JHstaal-LOGO-600px.jpg","width":600,"height":160,"caption":"JH St\u00e5lindustri A\/S"},"image":{"@id":"https:\/\/www.jhstaal.com\/#\/schema\/logo\/image\/"}}]}},"_links":{"self":[{"href":"https:\/\/jhstaal.dk\/nb\/wp-json\/wp\/v2\/pages\/4115"}],"collection":[{"href":"https:\/\/jhstaal.dk\/nb\/wp-json\/wp\/v2\/pages"}],"about":[{"href":"https:\/\/jhstaal.dk\/nb\/wp-json\/wp\/v2\/types\/page"}],"author":[{"embeddable":true,"href":"https:\/\/jhstaal.dk\/nb\/wp-json\/wp\/v2\/users\/10"}],"replies":[{"embeddable":true,"href":"https:\/\/jhstaal.dk\/nb\/wp-json\/wp\/v2\/comments?post=4115"}],"version-history":[{"count":0,"href":"https:\/\/jhstaal.dk\/nb\/wp-json\/wp\/v2\/pages\/4115\/revisions"}],"wp:attachment":[{"href":"https:\/\/jhstaal.dk\/nb\/wp-json\/wp\/v2\/media?parent=4115"}],"curies":[{"name":"wp","href":"https:\/\/api.w.org\/{rel}","templated":true}]}}