{"id":4373,"date":"2020-12-10T14:16:07","date_gmt":"2020-12-10T14:16:07","guid":{"rendered":"https:\/\/jhstaal.com\/traeffa-oss\/"},"modified":"2020-12-14T14:54:01","modified_gmt":"2020-12-14T14:54:01","slug":"traeffa-oss","status":"publish","type":"page","link":"https:\/\/jhstaal.dk\/sv\/traeffa-oss\/","title":{"rendered":"Tr\u00e4ffa oss"},"content":{"rendered":"<div class=\"wpb-content-wrapper\"><p>[vc_row css=&#8221;.vc_custom_1478181122051{margin-bottom: -35px !important;}&#8221;][vc_column][vc_column_text css=&#8221;.vc_custom_1475473100989{margin-bottom: -15px !important;}&#8221;]<\/p>\n<h1 style=\"text-align: center;\">Tr\u00e4ff\u00e4 oss<\/h1>\n<p>[\/vc_column_text][\/vc_column][\/vc_row][vc_row type=&#8221;vc_default&#8221; full_width=&#8221;stretch_row&#8221; bg_type=&#8221;bg_color&#8221;][vc_column][vc_column_text]JH St\u00e5lindustri A \/ S har sedan 1990 varit en kompetent och kvalitetsmedveten leverant\u00f6r av rostfria tankar. Vi har en stolt tradition inom produktion av processtankar, tryckbeh\u00e5llare och silotankar i rostfritt st\u00e5l. Storlekarna p\u00e5 v\u00e5ra leveranser varierar fr\u00e5n containrar p\u00e5 10 liter och upp till 200 000 liter silotankar. Dessutom har vi genom \u00e5ren f\u00f6rb\u00e4ttrat v\u00e5ra kunskaper inom processutrustning som v\u00e4rmev\u00e4xlare, CIP-l\u00f6sningar och omr\u00f6rare som kan ing\u00e5 som en del av den f\u00e4rdiga tanken. D\u00e4rf\u00f6r ser vi oss ocks\u00e5 som specialister p\u00e5 leverans av helhetsl\u00f6sningen, d\u00e4r vi ansvarar f\u00f6r allt fr\u00e5n r\u00e5dgivning till ber\u00e4kning och produktion av en komplett skr\u00e4ddarsydd processanl\u00e4ggning. Vi levererar till alla industrier, men v\u00e5ra kunder \u00e4r fr\u00e4mst representerade inom l\u00e4kemedelsindustrin, mejeri, livsmedelsindustrin, kemisk industri, fiskeindustrin och vattenverket[\/vc_column_text][\/vc_column][\/vc_row][vc_row type=&#8221;vc_default&#8221; full_width=&#8221;stretch_row&#8221; gap=&#8221;20&#8243; bg_type=&#8221;bg_color&#8221; bg_color_value=&#8221;#f9f9f9&#8243;][vc_column width=&#8221;1\/2&#8243;][vc_column_text]<\/p>\n<h2>Bra hantverk<\/h2>\n<p>Tillverkning av rostfria tankar \u00e4r ett hantverk d\u00e4r uppm\u00e4rksamhet p\u00e5 detaljer \u00e4r av stor betydelse f\u00f6r det f\u00e4rdiga resultatet. JH St\u00e5lindustri \u00e4r en garant f\u00f6r hantverkets kvalitet, vilket s\u00e4kerst\u00e4lls genom v\u00e4lutbildade, certifierade och erfarna medarbetare. Dessutom har vi ett starkt fokus p\u00e5 fortbildning och har kontinuerligt flera l\u00e4rlingar i utbildning. Professionalism och expertis \u00e4r v\u00e5ra ledord &#8211; fr\u00e5n den inledande dialogen med 3D-visualiseringar, ber\u00e4kningar, dimensionering och teknisk dokumentation till projektledning och hantverk. P\u00e5 alla niv\u00e5er arbetar vi med fokus p\u00e5 detaljerna som \u00e4r avg\u00f6rande f\u00f6r en slutprodukt av h\u00f6gsta kvalitet.<\/p>\n<p>&nbsp;<\/p>\n<h2>Experter i rostfritt st\u00e5l<\/h2>\n<p>Rostfritt st\u00e5l anv\u00e4nds ofta f\u00f6r produkter och processer d\u00e4r reng\u00f6ring och korrosion \u00e4r avg\u00f6rande. I motsats till vad namnet antyder \u00e4r rostfritt st\u00e5l inte alltid rostfritt, eftersom det i kombination med s\u00e4rskilt klor- eller klorl\u00f6sningar kan s\u00f6nderdelas p\u00e5 mycket kort tid. Teknisk hj\u00e4lp kommer att vara avg\u00f6rande h\u00e4r f\u00f6r att v\u00e4lja r\u00e4tt legering. D\u00e4rf\u00f6r \u00e4r de m\u00e4nskliga resurserna en naturlig kontaktpunkt f\u00f6r JH St\u00e5lindustri, d\u00e4r varje fas i ett projekt st\u00f6ds av kompetenta medarbetare som tillsammans s\u00e4kerst\u00e4ller r\u00e4tt l\u00f6sning f\u00f6r kunden.[\/vc_column_text][\/vc_column][vc_column width=&#8221;1\/2&#8243;][vc_single_image image=&#8221;4395&#8243; img_size=&#8221;full&#8221; alignment=&#8221;center&#8221; css_animation=&#8221;fadeIn&#8221;][\/vc_column][\/vc_row][vc_row type=&#8221;vc_default&#8221; full_width=&#8221;stretch_row&#8221; bg_type=&#8221;bg_color&#8221; css=&#8221;.vc_custom_1567534502158{margin-right: 4px !important;margin-left: 4px !important;}&#8221; bg_color_value=&#8221;#303030&#8243;][\/vc_row][vc_column][\/vc_column][vc_row_inner css=&#8221;.vc_custom_1504639140776{margin-bottom: 20px !important;}&#8221;][\/vc_row_inner][vc_row type=&#8221;vc_default&#8221; full_width=&#8221;stretch_row&#8221; equal_height=&#8221;yes&#8221; bg_type=&#8221;bg_color&#8221; css=&#8221;.vc_custom_1567534493288{margin-right: 4px !important;margin-bottom: -5px !important;margin-left: 4px !important;}&#8221; bg_color_value=&#8221;#303030&#8243;][vc_column][vc_row_inner css=&#8221;.vc_custom_1504639140776{margin-bottom: 20px !important;}&#8221;][vc_column_inner css=&#8221;.vc_custom_1504639209951{margin-bottom: 10px !important;}&#8221;][vc_column_text]<\/p>\n<p>&nbsp;<\/p>\n<h2 style=\"text-align: center;\"><span style=\"color: #f2f2f2;\">Se vilka produkter vi erbjuder<\/span><\/h2>\n<p>[\/vc_column_text][\/vc_column_inner][\/vc_row_inner][vc_row_inner equal_height=&#8221;yes&#8221; content_placement=&#8221;top&#8221; gap=&#8221;15&#8243;][vc_column_inner width=&#8221;1\/3&#8243;][vc_single_image image=&#8221;2385&#8243; img_size=&#8221;600&#215;333&#8243; alignment=&#8221;center&#8221; style=&#8221;vc_box_border&#8221; border_color=&#8221;black&#8221; onclick=&#8221;custom_link&#8221; css_animation=&#8221;none&#8221; link=&#8221;\/sv\/produkter\/rostfria-processtankar\/&#8221; css=&#8221;.vc_custom_1607934666482{margin-top: -35px !important;margin-bottom: 10px !important;}&#8221;]<span id=\"creative-link-wrap-1472\" class=\"ult_main_cl ult-adjust-bottom-margin  \" >\n\t \t\t\t<span class=\"ult_cl_link_6  ult_crlink\" >\n\t\t\t\t\t<a  data-ultimate-target='#creative-link-wrap-1472 .ult_colorlink'  data-responsive-json-new='{\"font-size\":\"\",\"line-height\":\"\"}'  href=\"\/sv\/produkter\/rostfria-processtankar\/\" title=\"L\u00e4s mer om rostfria processtankar\"  class=\"ult_colorlink ult-responsive  vc_custom_1607934674904\" style=\"font-weight:normal;color:#afafaf; \"  data-textcolor=\"#f2f2f2\" data-texthover=\"#afafaf\"data-style=\"Style_6\">\n\t\t\t\t\t\t\n\t\t\t\t\t\t<span data-hover=\"Rostfria processtankar\" style=\"color:#f2f2f2;;;\" class=\"ult_btn10_span   \">Rostfria processtankar<\/span>\n\t\t\t\t\t\t<span class=\"ult_btn6_link_top \" data-color=\"#afafaf\">\u2022<\/span>\n\t\t\t\t\t<\/a>\n\t\t\t\t<\/span>\n\t\t\t<\/span>[\/vc_column_inner][vc_column_inner width=&#8221;1\/3&#8243;][vc_single_image image=&#8221;5326&#8243; img_size=&#8221;600&#215;333&#8243; alignment=&#8221;center&#8221; style=&#8221;vc_box_border&#8221; border_color=&#8221;black&#8221; onclick=&#8221;custom_link&#8221; css_animation=&#8221;none&#8221; link=&#8221;\/sv\/produkter\/rostfri-trycktankar\/&#8221; css=&#8221;.vc_custom_1607934689469{margin-top: -35px !important;margin-bottom: 10px !important;}&#8221;]<span id=\"creative-link-wrap-2877\" class=\"ult_main_cl ult-adjust-bottom-margin  \" >\n\t \t\t\t<span class=\"ult_cl_link_6  ult_crlink\" >\n\t\t\t\t\t<a  data-ultimate-target='#creative-link-wrap-2877 .ult_colorlink'  data-responsive-json-new='{\"font-size\":\"\",\"line-height\":\"\"}'  href=\"\/sv\/produkter\/rostfri-trycktankar\/\" title=\"L\u00e4s mer om rostfria trycktankar\"  class=\"ult_colorlink ult-responsive \" style=\"font-weight:normal;color:#afafaf; \"  data-textcolor=\"#f2f2f2\" data-texthover=\"#afafaf\"data-style=\"Style_6\">\n\t\t\t\t\t\t\n\t\t\t\t\t\t<span data-hover=\"Rostfria trycktankar\" style=\"color:#f2f2f2;;;\" class=\"ult_btn10_span   \">Rostfria trycktankar<\/span>\n\t\t\t\t\t\t<span class=\"ult_btn6_link_top \" data-color=\"#afafaf\">\u2022<\/span>\n\t\t\t\t\t<\/a>\n\t\t\t\t<\/span>\n\t\t\t<\/span>[\/vc_column_inner][vc_column_inner width=&#8221;1\/3&#8243;][vc_single_image image=&#8221;5363&#8243; img_size=&#8221;600&#215;333&#8243; alignment=&#8221;center&#8221; style=&#8221;vc_box_border&#8221; border_color=&#8221;black&#8221; onclick=&#8221;custom_link&#8221; css_animation=&#8221;none&#8221; link=&#8221;\/sv\/produkter\/rostfria-silotankar\/&#8221; css=&#8221;.vc_custom_1607934705075{margin-top: -35px !important;margin-bottom: 10px !important;}&#8221;]<span id=\"creative-link-wrap-8815\" class=\"ult_main_cl ult-adjust-bottom-margin  \" >\n\t \t\t\t<span class=\"ult_cl_link_6  ult_crlink\" >\n\t\t\t\t\t<a  data-ultimate-target='#creative-link-wrap-8815 .ult_colorlink'  data-responsive-json-new='{\"font-size\":\"\",\"line-height\":\"\"}'  href=\"\/sv\/produkter\/rostfria-silotankar\/\" title=\"L\u00e4s mer om rostfria solitankar\"  class=\"ult_colorlink ult-responsive \" style=\"font-weight:normal;color:#afafaf; \"  data-textcolor=\"#f2f2f2\" data-texthover=\"#afafaf\"data-style=\"Style_6\">\n\t\t\t\t\t\t\n\t\t\t\t\t\t<span data-hover=\"Rostfria silotankar\" style=\"color:#f2f2f2;;;\" class=\"ult_btn10_span   \">Rostfria silotankar<\/span>\n\t\t\t\t\t\t<span class=\"ult_btn6_link_top \" data-color=\"#afafaf\">\u2022<\/span>\n\t\t\t\t\t<\/a>\n\t\t\t\t<\/span>\n\t\t\t<\/span>[\/vc_column_inner][\/vc_row_inner][vc_row_inner equal_height=&#8221;yes&#8221; content_placement=&#8221;top&#8221; gap=&#8221;15&#8243;][vc_column_inner width=&#8221;1\/3&#8243;][vc_single_image image=&#8221;5597&#8243; img_size=&#8221;full&#8221; alignment=&#8221;center&#8221; style=&#8221;vc_box_border&#8221; border_color=&#8221;black&#8221; onclick=&#8221;custom_link&#8221; css_animation=&#8221;none&#8221; link=&#8221;\/sv\/produkter\/rostfria-mobile-tankar\/&#8221; css=&#8221;.vc_custom_1607934719770{margin-top: -35px !important;margin-bottom: 10px !important;}&#8221;]<span id=\"creative-link-wrap-7910\" class=\"ult_main_cl ult-adjust-bottom-margin  \" >\n\t \t\t\t<span class=\"ult_cl_link_6  ult_crlink\" >\n\t\t\t\t\t<a  data-ultimate-target='#creative-link-wrap-7910 .ult_colorlink'  data-responsive-json-new='{\"font-size\":\"\",\"line-height\":\"\"}'  href=\"\/sv\/produkter\/rostfria-mobile-tankar\/\" title=\"L\u00e4s mer om rostfria mobile tankar\"  class=\"ult_colorlink ult-responsive  vc_custom_1607934726894\" style=\"font-weight:normal;color:#afafaf; \"  data-textcolor=\"#f2f2f2\" data-texthover=\"#afafaf\"data-style=\"Style_6\">\n\t\t\t\t\t\t\n\t\t\t\t\t\t<span data-hover=\"Rostfria mobile tankar\" style=\"color:#f2f2f2;;;\" class=\"ult_btn10_span   \">Rostfria mobile tankar<\/span>\n\t\t\t\t\t\t<span class=\"ult_btn6_link_top \" data-color=\"#afafaf\">\u2022<\/span>\n\t\t\t\t\t<\/a>\n\t\t\t\t<\/span>\n\t\t\t<\/span>[\/vc_column_inner][vc_column_inner width=&#8221;1\/3&#8243;][vc_single_image image=&#8221;2395&#8243; img_size=&#8221;full&#8221; alignment=&#8221;center&#8221; style=&#8221;vc_box_border&#8221; border_color=&#8221;black&#8221; onclick=&#8221;custom_link&#8221; css_animation=&#8221;none&#8221; link=&#8221;\/sv\/produkter\/rostfria-omroerare\/&#8221; css=&#8221;.vc_custom_1607934736931{margin-top: -35px !important;margin-bottom: 10px !important;}&#8221;]<span id=\"creative-link-wrap-4623\" class=\"ult_main_cl ult-adjust-bottom-margin  \" >\n\t \t\t\t<span class=\"ult_cl_link_6  ult_crlink\" >\n\t\t\t\t\t<a  data-ultimate-target='#creative-link-wrap-4623 .ult_colorlink'  data-responsive-json-new='{\"font-size\":\"\",\"line-height\":\"\"}'  href=\"\/sv\/produkter\/rostfria-omroerare\/\" title=\"L\u00e4s mer om rostfria om\u00f6rare\"  class=\"ult_colorlink ult-responsive  vc_custom_1607934743290\" style=\"font-weight:normal;color:#afafaf; \"  data-textcolor=\"#f2f2f2\" data-texthover=\"#afafaf\"data-style=\"Style_6\">\n\t\t\t\t\t\t\n\t\t\t\t\t\t<span data-hover=\"Rostfria omr\u00f6rare\" style=\"color:#f2f2f2;;;\" class=\"ult_btn10_span   \">Rostfria omr\u00f6rare<\/span>\n\t\t\t\t\t\t<span class=\"ult_btn6_link_top \" data-color=\"#afafaf\">\u2022<\/span>\n\t\t\t\t\t<\/a>\n\t\t\t\t<\/span>\n\t\t\t<\/span>[\/vc_column_inner][vc_column_inner width=&#8221;1\/3&#8243;][vc_single_image image=&#8221;2397&#8243; img_size=&#8221;full&#8221; alignment=&#8221;center&#8221; style=&#8221;vc_box_border&#8221; border_color=&#8221;black&#8221; onclick=&#8221;custom_link&#8221; css_animation=&#8221;none&#8221; link=&#8221;\/sv\/produkter\/rostfria-blandningstankar\/&#8221; css=&#8221;.vc_custom_1607934751018{margin-top: -35px !important;margin-bottom: 10px !important;background-color: #f9f9f9 !important;}&#8221;]<span id=\"creative-link-wrap-8011\" class=\"ult_main_cl ult-adjust-bottom-margin  \" >\n\t \t\t\t<span class=\"ult_cl_link_6  ult_crlink\" >\n\t\t\t\t\t<a  data-ultimate-target='#creative-link-wrap-8011 .ult_colorlink'  data-responsive-json-new='{\"font-size\":\"\",\"line-height\":\"\"}'  href=\"\/sv\/produkter\/rostfria-blandningstankar\/\" title=\"L\u00e4s mer om rostfria blandningstankar\"  class=\"ult_colorlink ult-responsive  vc_custom_1607934757331\" style=\"font-weight:normal;color:#afafaf; \"  data-textcolor=\"#f2f2f2\" data-texthover=\"#afafaf\"data-style=\"Style_6\">\n\t\t\t\t\t\t\n\t\t\t\t\t\t<span data-hover=\"Rostfria blandningstankar\" style=\"color:#f2f2f2;;;\" class=\"ult_btn10_span   \">Rostfria blandningstankar<\/span>\n\t\t\t\t\t\t<span class=\"ult_btn6_link_top \" data-color=\"#afafaf\">\u2022<\/span>\n\t\t\t\t\t<\/a>\n\t\t\t\t<\/span>\n\t\t\t<\/span>[\/vc_column_inner][\/vc_row_inner][vc_row_inner equal_height=&#8221;yes&#8221; content_placement=&#8221;top&#8221; gap=&#8221;15&#8243;][vc_column_inner width=&#8221;1\/3&#8243; css=&#8221;.vc_custom_1504638838341{margin-right: 0px !important;margin-left: 0px !important;}&#8221;][vc_single_image image=&#8221;5246&#8243; img_size=&#8221;full&#8221; alignment=&#8221;center&#8221; style=&#8221;vc_box_border&#8221; border_color=&#8221;black&#8221; onclick=&#8221;custom_link&#8221; css_animation=&#8221;none&#8221; link=&#8221;\/sv\/produkter\/rostfria-buffertankar\/&#8221; css=&#8221;.vc_custom_1607934765599{margin-top: -35px !important;margin-bottom: 10px !important;}&#8221;]<span id=\"creative-link-wrap-3514\" class=\"ult_main_cl ult-adjust-bottom-margin  \" >\n\t \t\t\t<span class=\"ult_cl_link_6  ult_crlink\" >\n\t\t\t\t\t<a  data-ultimate-target='#creative-link-wrap-3514 .ult_colorlink'  data-responsive-json-new='{\"font-size\":\"\",\"line-height\":\"\"}'  href=\"\/sv\/produkter\/rostfria-buffertankar\/\" title=\"L\u00e4s mer om rostfria buffertankar\"  class=\"ult_colorlink ult-responsive  vc_custom_1607934772406\" style=\"font-weight:normal;color:#afafaf; \"  data-textcolor=\"#f2f2f2\" data-texthover=\"#afafaf\"data-style=\"Style_6\">\n\t\t\t\t\t\t\n\t\t\t\t\t\t<span data-hover=\"Rostfria buffertankar\" style=\"color:#f2f2f2;;;\" class=\"ult_btn10_span   \">Rostfria buffertankar<\/span>\n\t\t\t\t\t\t<span class=\"ult_btn6_link_top \" data-color=\"#afafaf\">\u2022<\/span>\n\t\t\t\t\t<\/a>\n\t\t\t\t<\/span>\n\t\t\t<\/span>[\/vc_column_inner][vc_column_inner width=&#8221;1\/3&#8243;][vc_single_image image=&#8221;2403&#8243; img_size=&#8221;full&#8221; alignment=&#8221;center&#8221; style=&#8221;vc_box_border&#8221; border_color=&#8221;black&#8221; onclick=&#8221;custom_link&#8221; css_animation=&#8221;none&#8221; link=&#8221;\/sv\/produkter\/skrapvaermevaexlare\/&#8221; css=&#8221;.vc_custom_1607934779027{margin-top: -35px !important;margin-bottom: 10px !important;}&#8221;]<span id=\"creative-link-wrap-4606\" class=\"ult_main_cl ult-adjust-bottom-margin  \" >\n\t \t\t\t<span class=\"ult_cl_link_6  ult_crlink\" >\n\t\t\t\t\t<a  data-ultimate-target='#creative-link-wrap-4606 .ult_colorlink'  data-responsive-json-new='{\"font-size\":\"\",\"line-height\":\"\"}'  href=\"\/sv\/produkter\/skrapvaermevaexlare\/\" title=\"L\u00e4s mer om skrapv\u00e4rmev\u00e4xlare\"  class=\"ult_colorlink ult-responsive  vc_custom_1607934786677\" style=\"font-weight:normal;color:#afafaf; \"  data-textcolor=\"#f2f2f2\" data-texthover=\"#afafaf\"data-style=\"Style_6\">\n\t\t\t\t\t\t\n\t\t\t\t\t\t<span data-hover=\"Skrapv\u00e4rmev\u00e4xlare\" style=\"color:#f2f2f2;;;\" class=\"ult_btn10_span   \">Skrapv\u00e4rmev\u00e4xlare<\/span>\n\t\t\t\t\t\t<span class=\"ult_btn6_link_top \" data-color=\"#afafaf\">\u2022<\/span>\n\t\t\t\t\t<\/a>\n\t\t\t\t<\/span>\n\t\t\t<\/span>[\/vc_column_inner][vc_column_inner width=&#8221;1\/3&#8243;][vc_single_image image=&#8221;2405&#8243; img_size=&#8221;full&#8221; alignment=&#8221;center&#8221; style=&#8221;vc_box_border&#8221; border_color=&#8221;black&#8221; onclick=&#8221;custom_link&#8221; css_animation=&#8221;none&#8221; link=&#8221;\/sv\/produkter\/processenheter\/&#8221; css=&#8221;.vc_custom_1607934796228{margin-top: -35px !important;margin-bottom: 10px !important;}&#8221;]<span id=\"creative-link-wrap-8905\" class=\"ult_main_cl ult-adjust-bottom-margin  \" >\n\t \t\t\t<span class=\"ult_cl_link_6  ult_crlink\" >\n\t\t\t\t\t<a  data-ultimate-target='#creative-link-wrap-8905 .ult_colorlink'  data-responsive-json-new='{\"font-size\":\"\",\"line-height\":\"\"}'  href=\"\/sv\/produkter\/processenheter\/\" title=\"L\u00e4s mer om processenheter\"  class=\"ult_colorlink ult-responsive  vc_custom_1607934804053\" style=\"font-weight:normal;color:#afafaf; \"  data-textcolor=\"#f2f2f2\" data-texthover=\"#afafaf\"data-style=\"Style_6\">\n\t\t\t\t\t\t\n\t\t\t\t\t\t<span data-hover=\"Processenheter\" style=\"color:#f2f2f2;;;\" class=\"ult_btn10_span   \">Processenheter<\/span>\n\t\t\t\t\t\t<span class=\"ult_btn6_link_top \" data-color=\"#afafaf\">\u2022<\/span>\n\t\t\t\t\t<\/a>\n\t\t\t\t<\/span>\n\t\t\t<\/span>[\/vc_column_inner][\/vc_row_inner][\/vc_column][\/vc_row][vc_row type=&#8221;vc_default&#8221; full_width=&#8221;stretch_row&#8221; bg_type=&#8221;bg_color&#8221; css=&#8221;.vc_custom_1567534502158{margin-right: 4px !important;margin-left: 4px !important;}&#8221; bg_color_value=&#8221;#303030&#8243;][\/vc_row][vc_column][\/vc_column][vc_row_inner css=&#8221;.vc_custom_1504639140776{margin-bottom: 20px !important;}&#8221;][\/vc_row_inner][vc_column_inner css=&#8221;.vc_custom_1504639209951{margin-bottom: 10px !important;}&#8221;][\/vc_column_inner]<\/p>\n<\/div>","protected":false},"excerpt":{"rendered":"<p>[vc_row css=&#8221;.vc_custom_1478181122051{margin-bottom: -35px !important;}&#8221;][vc_column][vc_column_text css=&#8221;.vc_custom_1475473100989{margin-bottom: -15px !important;}&#8221;] Tr\u00e4ff\u00e4 oss [\/vc_column_text][\/vc_column][\/vc_row][vc_row type=&#8221;vc_default&#8221; full_width=&#8221;stretch_row&#8221; bg_type=&#8221;bg_color&#8221;][vc_column][vc_column_text]JH St\u00e5lindustri A \/ S har sedan 1990 varit en kompetent och kvalitetsmedveten leverant\u00f6r av rostfria tankar. Vi har en stolt tradition inom produktion av processtankar, tryckbeh\u00e5llare och silotankar i rostfritt st\u00e5l. Storlekarna p\u00e5 v\u00e5ra leveranser varierar fr\u00e5n containrar p\u00e5 10 liter och&hellip;<\/p>\n","protected":false},"author":10,"featured_media":0,"parent":0,"menu_order":0,"comment_status":"closed","ping_status":"closed","template":"","meta":{"footnotes":""},"yoast_head":"<!-- This site is optimized with the Yoast SEO plugin v22.2 - https:\/\/yoast.com\/wordpress\/plugins\/seo\/ -->\n<title>Tr\u00e4ffa oss - Certifierade smeder - JH St\u00e5lindustri A\/S<\/title>\n<meta name=\"description\" content=\"P\u00e5 JH St\u00e5lindustri A\/S har vi tillverkat rostfria tankar f\u00f6r industri sedan 1990. Vi \u00e4r tekniskt professionella, kompetenta och kvalitetsmedvetna.\" \/>\n<meta name=\"robots\" content=\"index, follow, max-snippet:-1, max-image-preview:large, max-video-preview:-1\" \/>\n<link rel=\"canonical\" href=\"https:\/\/jhstaal.dk\/sv\/traeffa-oss\/\" \/>\n<meta property=\"og:locale\" content=\"sv_SE\" \/>\n<meta property=\"og:type\" content=\"article\" \/>\n<meta property=\"og:title\" content=\"Tr\u00e4ffa oss - Certifierade smeder - JH St\u00e5lindustri A\/S\" \/>\n<meta property=\"og:description\" content=\"P\u00e5 JH St\u00e5lindustri A\/S har vi tillverkat rostfria tankar f\u00f6r industri sedan 1990. Vi \u00e4r tekniskt professionella, kompetenta och kvalitetsmedvetna.\" \/>\n<meta property=\"og:url\" content=\"https:\/\/jhstaal.dk\/sv\/traeffa-oss\/\" \/>\n<meta property=\"og:site_name\" content=\"JH St&aring;lindustri A\/S\" \/>\n<meta property=\"article:modified_time\" content=\"2020-12-14T14:54:01+00:00\" \/>\n<meta name=\"twitter:card\" content=\"summary_large_image\" \/>\n<meta name=\"twitter:label1\" content=\"Ber\u00e4knad l\u00e4stid\" \/>\n\t<meta name=\"twitter:data1\" content=\"7 minuter\" \/>\n<script type=\"application\/ld+json\" class=\"yoast-schema-graph\">{\"@context\":\"https:\/\/schema.org\",\"@graph\":[{\"@type\":\"WebPage\",\"@id\":\"https:\/\/jhstaal.dk\/sv\/traeffa-oss\/\",\"url\":\"https:\/\/jhstaal.dk\/sv\/traeffa-oss\/\",\"name\":\"Tr\u00e4ffa oss - Certifierade smeder - JH St\u00e5lindustri A\/S\",\"isPartOf\":{\"@id\":\"https:\/\/jhstaal.dk\/sv\/#website\"},\"datePublished\":\"2020-12-10T14:16:07+00:00\",\"dateModified\":\"2020-12-14T14:54:01+00:00\",\"description\":\"P\u00e5 JH St\u00e5lindustri A\/S har vi tillverkat rostfria tankar f\u00f6r industri sedan 1990. Vi \u00e4r tekniskt professionella, kompetenta och kvalitetsmedvetna.\",\"breadcrumb\":{\"@id\":\"https:\/\/jhstaal.dk\/sv\/traeffa-oss\/#breadcrumb\"},\"inLanguage\":\"sv-SE\",\"potentialAction\":[{\"@type\":\"ReadAction\",\"target\":[\"https:\/\/jhstaal.dk\/sv\/traeffa-oss\/\"]}]},{\"@type\":\"BreadcrumbList\",\"@id\":\"https:\/\/jhstaal.dk\/sv\/traeffa-oss\/#breadcrumb\",\"itemListElement\":[{\"@type\":\"ListItem\",\"position\":1,\"name\":\"Hjem\",\"item\":\"https:\/\/www.jhstaal.com\/sv\/\"},{\"@type\":\"ListItem\",\"position\":2,\"name\":\"Tr\u00e4ffa oss\"}]},{\"@type\":\"WebSite\",\"@id\":\"https:\/\/jhstaal.dk\/sv\/#website\",\"url\":\"https:\/\/jhstaal.dk\/sv\/\",\"name\":\"JH St&aring;lindustri A\/S\",\"description\":\"St&aring;ltanke\",\"publisher\":{\"@id\":\"https:\/\/jhstaal.dk\/sv\/#organization\"},\"potentialAction\":[{\"@type\":\"SearchAction\",\"target\":{\"@type\":\"EntryPoint\",\"urlTemplate\":\"https:\/\/jhstaal.dk\/sv\/?s={search_term_string}\"},\"query-input\":\"required name=search_term_string\"}],\"inLanguage\":\"sv-SE\"},{\"@type\":\"Organization\",\"@id\":\"https:\/\/jhstaal.dk\/sv\/#organization\",\"name\":\"JH St\u00e5lindustri A\/S\",\"url\":\"https:\/\/jhstaal.dk\/sv\/\",\"logo\":{\"@type\":\"ImageObject\",\"inLanguage\":\"sv-SE\",\"@id\":\"https:\/\/jhstaal.dk\/sv\/#\/schema\/logo\/image\/\",\"url\":\"\/wp-content\/uploads\/2016\/09\/JHstaal-LOGO-600px.jpg\",\"contentUrl\":\"\/wp-content\/uploads\/2016\/09\/JHstaal-LOGO-600px.jpg\",\"width\":600,\"height\":160,\"caption\":\"JH St\u00e5lindustri A\/S\"},\"image\":{\"@id\":\"https:\/\/jhstaal.dk\/sv\/#\/schema\/logo\/image\/\"}}]}<\/script>\n<!-- \/ Yoast SEO plugin. -->","yoast_head_json":{"title":"Tr\u00e4ffa oss - Certifierade smeder - JH St\u00e5lindustri A\/S","description":"P\u00e5 JH St\u00e5lindustri A\/S har vi tillverkat rostfria tankar f\u00f6r industri sedan 1990. Vi \u00e4r tekniskt professionella, kompetenta och kvalitetsmedvetna.","robots":{"index":"index","follow":"follow","max-snippet":"max-snippet:-1","max-image-preview":"max-image-preview:large","max-video-preview":"max-video-preview:-1"},"canonical":"https:\/\/jhstaal.dk\/sv\/traeffa-oss\/","og_locale":"sv_SE","og_type":"article","og_title":"Tr\u00e4ffa oss - Certifierade smeder - JH St\u00e5lindustri A\/S","og_description":"P\u00e5 JH St\u00e5lindustri A\/S har vi tillverkat rostfria tankar f\u00f6r industri sedan 1990. Vi \u00e4r tekniskt professionella, kompetenta och kvalitetsmedvetna.","og_url":"https:\/\/jhstaal.dk\/sv\/traeffa-oss\/","og_site_name":"JH St&aring;lindustri A\/S","article_modified_time":"2020-12-14T14:54:01+00:00","twitter_card":"summary_large_image","twitter_misc":{"Ber\u00e4knad l\u00e4stid":"7 minuter"},"schema":{"@context":"https:\/\/schema.org","@graph":[{"@type":"WebPage","@id":"https:\/\/jhstaal.dk\/sv\/traeffa-oss\/","url":"https:\/\/jhstaal.dk\/sv\/traeffa-oss\/","name":"Tr\u00e4ffa oss - Certifierade smeder - JH St\u00e5lindustri A\/S","isPartOf":{"@id":"https:\/\/jhstaal.dk\/sv\/#website"},"datePublished":"2020-12-10T14:16:07+00:00","dateModified":"2020-12-14T14:54:01+00:00","description":"P\u00e5 JH St\u00e5lindustri A\/S har vi tillverkat rostfria tankar f\u00f6r industri sedan 1990. Vi \u00e4r tekniskt professionella, kompetenta och kvalitetsmedvetna.","breadcrumb":{"@id":"https:\/\/jhstaal.dk\/sv\/traeffa-oss\/#breadcrumb"},"inLanguage":"sv-SE","potentialAction":[{"@type":"ReadAction","target":["https:\/\/jhstaal.dk\/sv\/traeffa-oss\/"]}]},{"@type":"BreadcrumbList","@id":"https:\/\/jhstaal.dk\/sv\/traeffa-oss\/#breadcrumb","itemListElement":[{"@type":"ListItem","position":1,"name":"Hjem","item":"https:\/\/www.jhstaal.com\/sv\/"},{"@type":"ListItem","position":2,"name":"Tr\u00e4ffa oss"}]},{"@type":"WebSite","@id":"https:\/\/jhstaal.dk\/sv\/#website","url":"https:\/\/jhstaal.dk\/sv\/","name":"JH St&aring;lindustri A\/S","description":"St&aring;ltanke","publisher":{"@id":"https:\/\/jhstaal.dk\/sv\/#organization"},"potentialAction":[{"@type":"SearchAction","target":{"@type":"EntryPoint","urlTemplate":"https:\/\/jhstaal.dk\/sv\/?s={search_term_string}"},"query-input":"required name=search_term_string"}],"inLanguage":"sv-SE"},{"@type":"Organization","@id":"https:\/\/jhstaal.dk\/sv\/#organization","name":"JH St\u00e5lindustri A\/S","url":"https:\/\/jhstaal.dk\/sv\/","logo":{"@type":"ImageObject","inLanguage":"sv-SE","@id":"https:\/\/jhstaal.dk\/sv\/#\/schema\/logo\/image\/","url":"\/wp-content\/uploads\/2016\/09\/JHstaal-LOGO-600px.jpg","contentUrl":"\/wp-content\/uploads\/2016\/09\/JHstaal-LOGO-600px.jpg","width":600,"height":160,"caption":"JH St\u00e5lindustri A\/S"},"image":{"@id":"https:\/\/jhstaal.dk\/sv\/#\/schema\/logo\/image\/"}}]}},"_links":{"self":[{"href":"https:\/\/jhstaal.dk\/sv\/wp-json\/wp\/v2\/pages\/4373"}],"collection":[{"href":"https:\/\/jhstaal.dk\/sv\/wp-json\/wp\/v2\/pages"}],"about":[{"href":"https:\/\/jhstaal.dk\/sv\/wp-json\/wp\/v2\/types\/page"}],"author":[{"embeddable":true,"href":"https:\/\/jhstaal.dk\/sv\/wp-json\/wp\/v2\/users\/10"}],"replies":[{"embeddable":true,"href":"https:\/\/jhstaal.dk\/sv\/wp-json\/wp\/v2\/comments?post=4373"}],"version-history":[{"count":0,"href":"https:\/\/jhstaal.dk\/sv\/wp-json\/wp\/v2\/pages\/4373\/revisions"}],"wp:attachment":[{"href":"https:\/\/jhstaal.dk\/sv\/wp-json\/wp\/v2\/media?parent=4373"}],"curies":[{"name":"wp","href":"https:\/\/api.w.org\/{rel}","templated":true}]}}